{"id":13783,"date":"2023-09-28T11:58:58","date_gmt":"2023-09-28T09:58:58","guid":{"rendered":"https:\/\/retina.ch\/?page_id=13783"},"modified":"2025-03-05T16:49:13","modified_gmt":"2025-03-05T15:49:13","slug":"donner-et-aider","status":"publish","type":"page","link":"https:\/\/retina.ch\/fr\/donner-et-aider\/","title":{"rendered":"Donner et aider"},"content":{"rendered":"\n<p>Il ne se passe pas un jour sans qu\u2019un m\u00e9decin n\u2019informe un patient qu\u2019il perdra la vue en raison d\u2019une maladie de la r\u00e9tine. Soudain, ces personnes doivent faire face \u00e0 un probl\u00e8me qui semble insoluble au niveau professionnel et dans la vie de tous les jours. Gr\u00e2ce \u00e0 votre soutien, nous sommes en mesure de fournir un conseil complet et une aide globale en vue d\u2019une vie digne et ind\u00e9pendante malgr\u00e9 une d\u00e9gradation progressive de la vue.<\/p>\n\n\n\n<p>Et gr\u00e2ce \u00e0 votre appui, nous nous engageons par le biais de la recherche et de l\u2019information pour que le nombre de personnes qui perdent la vue r\u00e9gresse, que les maladies r\u00e9tiniennes soient diagnostiqu\u00e9es plus t\u00f4t et puissent \u00eatre trait\u00e9es avec succ\u00e8s.<\/p>\n\n\n\n<p>Nous vous adressons de chaleureux remerciements pour votre pr\u00e9cieux soutien.<\/p>\n\n\n\n<div class=\"wp-block-columns icon-block is-layout-flex wp-container-core-columns-is-layout-9d6595d7 wp-block-columns-is-layout-flex\">\n<div class=\"wp-block-column is-layout-flow wp-block-column-is-layout-flow\"><span class='maxbutton-3-container mb-container'><a class=\"maxbutton-3 maxbutton maxbutton-retina-suisse-mitgliedschaft\" title=\"Retina Suisse Mitgliedschaft\" href=\"\/fr\/donner-et-aider\/affiliation\/\" data-maxbuttoncounter=\"{&quot;button_id&quot;:&quot;3&quot;,&quot;url&quot;:&quot;\\\/fr\\\/donner-et-aider\\\/affiliation\\\/&quot;,&quot;check&quot;:&quot;EdRaZGh3&quot;}\" data-maxbuttonpage=\"{&quot;id&quot;:13783,&quot;type&quot;:&quot;page&quot;}\"><span class=\"mb-icon\"><img loading=\"lazy\" decoding=\"async\" class=\"mb-img\" src=\"https:\/\/retina.ch\/wp-content\/uploads\/2020\/10\/icon-users.png\" title=\"icon-users\" width=\"640\" height=\"512\"   border=\"0\" \/><\/span><span class=\"mb-icon-hover\"><img loading=\"lazy\" decoding=\"async\" class=\"mb-img-hover\" src=\"https:\/\/retina.ch\/wp-content\/uploads\/2020\/10\/icon-users-yellow.png\" title=\"icon-users\" width=\"640\" height=\"512\"   border=\"0\" \/><\/span><span class='mb-text' >Adh\u00e9rer \u00e0<\/span><span class=\"mb-text2\"  >Retina Suisse<\/span><\/a><\/span>\n<\/div>\n\n\n\n<div class=\"wp-block-column is-layout-flow wp-block-column-is-layout-flow\"><span class='maxbutton-4-container mb-container'><a class=\"maxbutton-4 maxbutton maxbutton-jede-spende-zahlt\" title=\"Jede Spende z\u00e4hlt!\" href=\"\/fr\/donner-et-aider\/don\/\" data-maxbuttoncounter=\"{&quot;button_id&quot;:&quot;4&quot;,&quot;url&quot;:&quot;\\\/fr\\\/donner-et-aider\\\/don\\\/&quot;,&quot;check&quot;:&quot;tO575vZB&quot;}\" data-maxbuttonpage=\"{&quot;id&quot;:13783,&quot;type&quot;:&quot;page&quot;}\"><span class=\"mb-icon\"><img loading=\"lazy\" decoding=\"async\" class=\"mb-img\" src=\"https:\/\/retina.ch\/wp-content\/uploads\/2020\/10\/icon-hand-heart.png\" title=\"icon-hand-heart\" width=\"448\" height=\"512\"   border=\"0\" \/><\/span><span class=\"mb-icon-hover\"><img loading=\"lazy\" decoding=\"async\" class=\"mb-img-hover\" src=\"https:\/\/retina.ch\/wp-content\/uploads\/2020\/10\/icon-hand-heart-yellow.png\" title=\"icon-hand-heart\" width=\"448\" height=\"512\"   border=\"0\" \/><\/span><span class='mb-text' >Chaque don<\/span><span class=\"mb-text2\"  >compte !<\/span><\/a><\/span>\n<\/div>\n\n\n\n<div class=\"wp-block-column is-layout-flow wp-block-column-is-layout-flow\"><span class='maxbutton-9-container mb-container'><a class=\"maxbutton-9 maxbutton maxbutton-projekt-unterstutzen\" title=\"Retina Suisse Projekt unterst\u00fctzen\" href=\"\/fr\/donner-et-aider\/don-pour-un-projet\/\" data-maxbuttoncounter=\"{&quot;button_id&quot;:&quot;9&quot;,&quot;url&quot;:&quot;\\\/fr\\\/donner-et-aider\\\/don-pour-un-projet\\\/&quot;,&quot;check&quot;:&quot;LqawOwlz&quot;}\" data-maxbuttonpage=\"{&quot;id&quot;:13783,&quot;type&quot;:&quot;page&quot;}\"><span class=\"mb-icon\"><img loading=\"lazy\" decoding=\"async\" class=\"mb-img\" src=\"https:\/\/retina.ch\/wp-content\/uploads\/2023\/09\/umbrella-400x356.png\" title=\"umbrella\" width=\"400\" height=\"356\"   border=\"0\" \/><\/span><span class=\"mb-icon-hover\"><img loading=\"lazy\" decoding=\"async\" class=\"mb-img-hover\" src=\"https:\/\/retina.ch\/wp-content\/uploads\/2023\/09\/umbrella-yellow-400x356.png\" title=\"umbrella\" width=\"576\" height=\"512\"   border=\"0\" \/><\/span><span class='mb-text' >Soutenir<\/span><span class=\"mb-text2\"  >un projet<\/span><\/a><\/span>\n<\/div>\n<\/div>\n\n\n\n<div class=\"wp-block-columns icon-block is-layout-flex wp-container-core-columns-is-layout-9d6595d7 wp-block-columns-is-layout-flex\">\n<div class=\"wp-block-column is-layout-flow wp-block-column-is-layout-flow\"><span class='maxbutton-10-container mb-container'><a class=\"maxbutton-10 maxbutton maxbutton-legat-erbschaft\" title=\"Retina Suisse Legate und Erbschaften\" href=\"\/fr\/donner-et-aider\/legs-heritage\/\" data-maxbuttoncounter=\"{&quot;button_id&quot;:&quot;10&quot;,&quot;url&quot;:&quot;\\\/fr\\\/donner-et-aider\\\/legs-heritage\\\/&quot;,&quot;check&quot;:&quot;Nm7vuWyq&quot;}\" data-maxbuttonpage=\"{&quot;id&quot;:13783,&quot;type&quot;:&quot;page&quot;}\"><span class=\"mb-icon\"><img loading=\"lazy\" decoding=\"async\" class=\"mb-img\" src=\"https:\/\/retina.ch\/wp-content\/uploads\/2023\/09\/hand-holding-heart-400x356.png\" title=\"hand-holding-heart\" width=\"400\" height=\"356\"   border=\"0\" \/><\/span><span class=\"mb-icon-hover\"><img loading=\"lazy\" decoding=\"async\" class=\"mb-img-hover\" src=\"https:\/\/retina.ch\/wp-content\/uploads\/2023\/09\/hand-holding-heart-yellow-400x356.png\" title=\"hand-holding-heart\" width=\"576\" height=\"512\"   border=\"0\" \/><\/span><span class='mb-text' >Legs \/ H\u00e9ritage<\/span><\/a><\/span>\n<\/div>\n\n\n\n<div class=\"wp-block-column is-layout-flow wp-block-column-is-layout-flow\"><span class='maxbutton-11-container mb-container'><a class=\"maxbutton-11 maxbutton maxbutton-trauerfall\" title=\"Trauerfall\" href=\"\/fr\/donner-et-aider\/en-cas-de-deuil\/\" data-maxbuttoncounter=\"{&quot;button_id&quot;:&quot;11&quot;,&quot;url&quot;:&quot;\\\/fr\\\/donner-et-aider\\\/en-cas-de-deuil\\\/&quot;,&quot;check&quot;:&quot;AASvnFQg&quot;}\" data-maxbuttonpage=\"{&quot;id&quot;:13783,&quot;type&quot;:&quot;page&quot;}\"><span class=\"mb-icon\"><img loading=\"lazy\" decoding=\"async\" class=\"mb-img\" src=\"https:\/\/retina.ch\/wp-content\/uploads\/2023\/09\/heart-broken-400x400.png\" title=\"heart-broken\" width=\"400\" height=\"400\"   border=\"0\" \/><\/span><span class=\"mb-icon-hover\"><img loading=\"lazy\" decoding=\"async\" class=\"mb-img-hover\" src=\"https:\/\/retina.ch\/wp-content\/uploads\/2023\/09\/heart-broken-yellow-400x400.png\" title=\"heart-broken\" width=\"512\" height=\"512\"   border=\"0\" \/><\/span><span class='mb-text' >En cas de deuil<\/span><\/a><\/span>\n<\/div>\n\n\n\n<div class=\"wp-block-column is-layout-flow wp-block-column-is-layout-flow\"><span class='maxbutton-12-container mb-container'><a class=\"maxbutton-12 maxbutton maxbutton-anlassspende\" title=\"Retina Suisse Anlassspende\" href=\"\/fr\/donner-et-aider\/don-evenementiel\/\" data-maxbuttoncounter=\"{&quot;button_id&quot;:&quot;12&quot;,&quot;url&quot;:&quot;\\\/fr\\\/donner-et-aider\\\/don-evenementiel\\\/&quot;,&quot;check&quot;:&quot;kKBnoBFC&quot;}\" data-maxbuttonpage=\"{&quot;id&quot;:13783,&quot;type&quot;:&quot;page&quot;}\"><span class=\"mb-icon\"><img loading=\"lazy\" decoding=\"async\" class=\"mb-img\" src=\"https:\/\/retina.ch\/wp-content\/uploads\/2023\/09\/hand-holding-gift-400x356.png\" title=\"hand-holding-gift\" width=\"400\" height=\"356\"   border=\"0\" \/><\/span><span class=\"mb-icon-hover\"><img loading=\"lazy\" decoding=\"async\" class=\"mb-img-hover\" src=\"https:\/\/retina.ch\/wp-content\/uploads\/2023\/09\/hand-holding-gift-yellow-400x356.png\" title=\"hand-holding-gift\" width=\"576\" height=\"512\"   border=\"0\" \/><\/span><span class='mb-text' >Donation<\/span><span class=\"mb-text2\"  >\u00e9v\u00e9nementielle<\/span><\/a><\/span>\n<\/div>\n<\/div>\n","protected":false},"excerpt":{"rendered":"<p>Il ne se passe pas un jour sans qu\u2019un m\u00e9decin n\u2019informe un patient qu\u2019il perdra la vue en raison d\u2019une maladie de la r\u00e9tine. Soudain, ces personnes doivent faire face \u00e0 un probl\u00e8me qui semble insoluble au niveau professionnel et dans la vie de tous les jours. Gr\u00e2ce \u00e0 votre soutien, nous sommes en mesure &#8230;<\/p>\n","protected":false},"author":1,"featured_media":0,"parent":0,"menu_order":25,"comment_status":"closed","ping_status":"closed","template":"","meta":{"_acf_changed":false,"inline_featured_image":false,"_FSMCFIC_featured_image_caption":"","_FSMCFIC_featured_image_nocaption":"","_FSMCFIC_featured_image_hide":"","footnotes":"","_links_to":"","_links_to_target":""},"class_list":["post-13783","page","type-page","status-publish","hentry"],"acf":[],"yoast_head":"<!-- This site is optimized with the Yoast SEO plugin v27.1.1 - https:\/\/yoast.com\/product\/yoast-seo-wordpress\/ -->\n<title>Donner et aider &#8226; Retina Suisse<\/title>\n<meta name=\"description\" content=\"Soutenez les personnes atteintes de maladies de la r\u00e9tine : Aidez-nous \u00e0 promouvoir le conseil, la recherche et le d\u00e9pistage pr\u00e9coce - pour une vie autonome malgr\u00e9 la perte de la vue !\" \/>\n<meta name=\"robots\" content=\"index, follow, max-snippet:-1, max-image-preview:large, max-video-preview:-1\" \/>\n<link rel=\"canonical\" href=\"https:\/\/retina.ch\/fr\/donner-et-aider\/\" \/>\n<meta property=\"og:locale\" content=\"fr_FR\" \/>\n<meta property=\"og:type\" content=\"article\" \/>\n<meta property=\"og:title\" content=\"Donner et aider &#8226; Retina Suisse\" \/>\n<meta property=\"og:description\" content=\"Soutenez les personnes atteintes de maladies de la r\u00e9tine : Aidez-nous \u00e0 promouvoir le conseil, la recherche et le d\u00e9pistage pr\u00e9coce - pour une vie autonome malgr\u00e9 la perte de la vue !\" \/>\n<meta property=\"og:url\" content=\"https:\/\/retina.ch\/fr\/donner-et-aider\/\" \/>\n<meta property=\"og:site_name\" content=\"Retina Suisse\" \/>\n<meta property=\"article:publisher\" content=\"https:\/\/www.facebook.com\/retinasuisse\/\" \/>\n<meta property=\"article:modified_time\" content=\"2025-03-05T15:49:13+00:00\" \/>\n<meta name=\"twitter:card\" content=\"summary_large_image\" \/>\n<meta name=\"twitter:label1\" content=\"Dur\u00e9e de lecture estim\u00e9e\" \/>\n\t<meta name=\"twitter:data1\" content=\"1 minute\" \/>\n<script type=\"application\/ld+json\" class=\"yoast-schema-graph\">{\"@context\":\"https:\/\/schema.org\",\"@graph\":[{\"@type\":\"WebPage\",\"@id\":\"https:\/\/retina.ch\/fr\/donner-et-aider\/\",\"url\":\"https:\/\/retina.ch\/fr\/donner-et-aider\/\",\"name\":\"Donner et aider &#8226; Retina Suisse\",\"isPartOf\":{\"@id\":\"https:\/\/retina.ch\/fr\/#website\"},\"datePublished\":\"2023-09-28T09:58:58+00:00\",\"dateModified\":\"2025-03-05T15:49:13+00:00\",\"description\":\"Soutenez les personnes atteintes de maladies de la r\u00e9tine : Aidez-nous \u00e0 promouvoir le conseil, la recherche et le d\u00e9pistage pr\u00e9coce - pour une vie autonome malgr\u00e9 la perte de la vue !\",\"breadcrumb\":{\"@id\":\"https:\/\/retina.ch\/fr\/donner-et-aider\/#breadcrumb\"},\"inLanguage\":\"fr-FR\",\"potentialAction\":[{\"@type\":\"ReadAction\",\"target\":[\"https:\/\/retina.ch\/fr\/donner-et-aider\/\"]}]},{\"@type\":\"BreadcrumbList\",\"@id\":\"https:\/\/retina.ch\/fr\/donner-et-aider\/#breadcrumb\",\"itemListElement\":[{\"@type\":\"ListItem\",\"position\":1,\"name\":\"Retina Suisse\",\"item\":\"https:\/\/retina.ch\/fr\/\"},{\"@type\":\"ListItem\",\"position\":2,\"name\":\"Donner et aider\"}]},{\"@type\":\"WebSite\",\"@id\":\"https:\/\/retina.ch\/fr\/#website\",\"url\":\"https:\/\/retina.ch\/fr\/\",\"name\":\"Retina Suisse\",\"description\":\"Retina Suisse ist die Vereinigung von Patientinnen und Patienten mit Retinitis pigmentosa (RP), Makuladegeneration, Usher-Syndrom und anderen Erkrankungen des Augenhintergrundes.\",\"publisher\":{\"@id\":\"https:\/\/retina.ch\/fr\/#organization\"},\"potentialAction\":[{\"@type\":\"SearchAction\",\"target\":{\"@type\":\"EntryPoint\",\"urlTemplate\":\"https:\/\/retina.ch\/fr\/?s={search_term_string}\"},\"query-input\":{\"@type\":\"PropertyValueSpecification\",\"valueRequired\":true,\"valueName\":\"search_term_string\"}}],\"inLanguage\":\"fr-FR\"},{\"@type\":\"Organization\",\"@id\":\"https:\/\/retina.ch\/fr\/#organization\",\"name\":\"Retina Suisse\",\"url\":\"https:\/\/retina.ch\/fr\/\",\"logo\":{\"@type\":\"ImageObject\",\"inLanguage\":\"fr-FR\",\"@id\":\"https:\/\/retina.ch\/fr\/#\/schema\/logo\/image\/\",\"url\":\"https:\/\/retina.ch\/wp-content\/uploads\/2020\/09\/retina-auge-typo.svg\",\"contentUrl\":\"https:\/\/retina.ch\/wp-content\/uploads\/2020\/09\/retina-auge-typo.svg\",\"width\":\"1024\",\"height\":\"1024\",\"caption\":\"Retina Suisse\"},\"image\":{\"@id\":\"https:\/\/retina.ch\/fr\/#\/schema\/logo\/image\/\"},\"sameAs\":[\"https:\/\/www.facebook.com\/retinasuisse\/\"]}]}<\/script>\n<!-- \/ Yoast SEO plugin. -->","yoast_head_json":{"title":"Donner et aider &#8226; Retina Suisse","description":"Soutenez les personnes atteintes de maladies de la r\u00e9tine : Aidez-nous \u00e0 promouvoir le conseil, la recherche et le d\u00e9pistage pr\u00e9coce - pour une vie autonome malgr\u00e9 la perte de la vue !","robots":{"index":"index","follow":"follow","max-snippet":"max-snippet:-1","max-image-preview":"max-image-preview:large","max-video-preview":"max-video-preview:-1"},"canonical":"https:\/\/retina.ch\/fr\/donner-et-aider\/","og_locale":"fr_FR","og_type":"article","og_title":"Donner et aider &#8226; Retina Suisse","og_description":"Soutenez les personnes atteintes de maladies de la r\u00e9tine : Aidez-nous \u00e0 promouvoir le conseil, la recherche et le d\u00e9pistage pr\u00e9coce - pour une vie autonome malgr\u00e9 la perte de la vue !","og_url":"https:\/\/retina.ch\/fr\/donner-et-aider\/","og_site_name":"Retina Suisse","article_publisher":"https:\/\/www.facebook.com\/retinasuisse\/","article_modified_time":"2025-03-05T15:49:13+00:00","twitter_card":"summary_large_image","twitter_misc":{"Dur\u00e9e de lecture estim\u00e9e":"1 minute"},"schema":{"@context":"https:\/\/schema.org","@graph":[{"@type":"WebPage","@id":"https:\/\/retina.ch\/fr\/donner-et-aider\/","url":"https:\/\/retina.ch\/fr\/donner-et-aider\/","name":"Donner et aider &#8226; Retina Suisse","isPartOf":{"@id":"https:\/\/retina.ch\/fr\/#website"},"datePublished":"2023-09-28T09:58:58+00:00","dateModified":"2025-03-05T15:49:13+00:00","description":"Soutenez les personnes atteintes de maladies de la r\u00e9tine : Aidez-nous \u00e0 promouvoir le conseil, la recherche et le d\u00e9pistage pr\u00e9coce - pour une vie autonome malgr\u00e9 la perte de la vue !","breadcrumb":{"@id":"https:\/\/retina.ch\/fr\/donner-et-aider\/#breadcrumb"},"inLanguage":"fr-FR","potentialAction":[{"@type":"ReadAction","target":["https:\/\/retina.ch\/fr\/donner-et-aider\/"]}]},{"@type":"BreadcrumbList","@id":"https:\/\/retina.ch\/fr\/donner-et-aider\/#breadcrumb","itemListElement":[{"@type":"ListItem","position":1,"name":"Retina Suisse","item":"https:\/\/retina.ch\/fr\/"},{"@type":"ListItem","position":2,"name":"Donner et aider"}]},{"@type":"WebSite","@id":"https:\/\/retina.ch\/fr\/#website","url":"https:\/\/retina.ch\/fr\/","name":"Retina Suisse","description":"Retina Suisse ist die Vereinigung von Patientinnen und Patienten mit Retinitis pigmentosa (RP), Makuladegeneration, Usher-Syndrom und anderen Erkrankungen des Augenhintergrundes.","publisher":{"@id":"https:\/\/retina.ch\/fr\/#organization"},"potentialAction":[{"@type":"SearchAction","target":{"@type":"EntryPoint","urlTemplate":"https:\/\/retina.ch\/fr\/?s={search_term_string}"},"query-input":{"@type":"PropertyValueSpecification","valueRequired":true,"valueName":"search_term_string"}}],"inLanguage":"fr-FR"},{"@type":"Organization","@id":"https:\/\/retina.ch\/fr\/#organization","name":"Retina Suisse","url":"https:\/\/retina.ch\/fr\/","logo":{"@type":"ImageObject","inLanguage":"fr-FR","@id":"https:\/\/retina.ch\/fr\/#\/schema\/logo\/image\/","url":"https:\/\/retina.ch\/wp-content\/uploads\/2020\/09\/retina-auge-typo.svg","contentUrl":"https:\/\/retina.ch\/wp-content\/uploads\/2020\/09\/retina-auge-typo.svg","width":"1024","height":"1024","caption":"Retina Suisse"},"image":{"@id":"https:\/\/retina.ch\/fr\/#\/schema\/logo\/image\/"},"sameAs":["https:\/\/www.facebook.com\/retinasuisse\/"]}]}},"_links":{"self":[{"href":"https:\/\/retina.ch\/fr\/wp-json\/wp\/v2\/pages\/13783","targetHints":{"allow":["GET"]}}],"collection":[{"href":"https:\/\/retina.ch\/fr\/wp-json\/wp\/v2\/pages"}],"about":[{"href":"https:\/\/retina.ch\/fr\/wp-json\/wp\/v2\/types\/page"}],"author":[{"embeddable":true,"href":"https:\/\/retina.ch\/fr\/wp-json\/wp\/v2\/users\/1"}],"replies":[{"embeddable":true,"href":"https:\/\/retina.ch\/fr\/wp-json\/wp\/v2\/comments?post=13783"}],"version-history":[{"count":18,"href":"https:\/\/retina.ch\/fr\/wp-json\/wp\/v2\/pages\/13783\/revisions"}],"predecessor-version":[{"id":21011,"href":"https:\/\/retina.ch\/fr\/wp-json\/wp\/v2\/pages\/13783\/revisions\/21011"}],"wp:attachment":[{"href":"https:\/\/retina.ch\/fr\/wp-json\/wp\/v2\/media?parent=13783"}],"curies":[{"name":"wp","href":"https:\/\/api.w.org\/{rel}","templated":true}]}}