{"id":2802,"date":"2020-09-19T09:00:45","date_gmt":"2020-09-19T07:00:45","guid":{"rendered":"https:\/\/dev.retina.ch\/?page_id=2802"},"modified":"2025-03-05T16:33:33","modified_gmt":"2025-03-05T15:33:33","slug":"consultations-et-groupes","status":"publish","type":"page","link":"https:\/\/retina.ch\/fr\/consultations-et-groupes\/","title":{"rendered":"Consultations et Groupes"},"content":{"rendered":"\n<p>Les personnes affect\u00e9es de r\u00e9tinite pigmentaire (RP), de d\u00e9g\u00e9n\u00e9rescence de la macula, du syndrome de Usher et d\u2019autres maladies d\u00e9g\u00e9n\u00e9ratives de la r\u00e9tine sont tributaires, pour le contact visuel avec leur environnement, de conditions d\u2019\u00e9clairage id\u00e9ales, de moyens auxiliaires ad\u00e9quats et de l\u2019attention des autres \u00e0 leur \u00e9gard.<\/p>\n\n\n\n<p>Avec des cours, des informations et des conseils personnalis\u00e9s, nous offrons notre assistance aux personnes concern\u00e9es, \u00e0 leur famille et \u00e0 leurs amis, aux m\u00e9decins, ophtalmologues et opticiens, de m\u00eame qu\u2019\u00e0 toutes les personnes int\u00e9ress\u00e9es.<\/p>\n\n\n\n<hr class=\"wp-block-separator has-css-opacity\"\/>\n\n\n\n<h1 class=\"wp-block-heading\">Retina Suisse \u2013 Service de consultation<\/h1>\n\n\n\n<p>La consultation de Retina Suisse est un service pour les personnes souffrant d\u2019une d\u00e9g\u00e9n\u00e9rescence r\u00e9tinienne. Elle s\u2019occupe des causes et des effets de ces maladies et soutient les personnes concern\u00e9es dans leur quotidien priv\u00e9 et professionnel.<\/p>\n\n\n\n<h4 class=\"wp-block-heading\">Retina Suisse \u2013 Service de consultation Zurich<\/h4>\n\n\n\n<p>Ausstellungsstrasse 36<br>8005 Zurich<\/p>\n\n\n\n<p>T\u00e9l. 044 444 10 77<br>E-mail <a href=\"mailto:info@retina.ch\">info@retina.ch<\/a><\/p>\n\n\n\n<h4 class=\"wp-block-heading\">Retina Suisse \u2013 Service de consultation Lausanne<\/h4>\n\n\n\n<p>H\u00f4pital ophtalmique Jules-Gonin<br>Av. de France 15<br>1004 Lausanne<\/p>\n\n\n\n<p>T\u00e9l. 021 626 86 52<br>E-mail <a href=\"mailto:info.lausanne@retina.ch\">info.lausanne@retina.ch<\/a><\/p>\n","protected":false},"excerpt":{"rendered":"<p>Les personnes affect\u00e9es de r\u00e9tinite pigmentaire (RP), de d\u00e9g\u00e9n\u00e9rescence de la macula, du syndrome de Usher et d\u2019autres maladies d\u00e9g\u00e9n\u00e9ratives de la r\u00e9tine sont tributaires, pour le contact visuel avec leur environnement, de conditions d\u2019\u00e9clairage id\u00e9ales, de moyens auxiliaires ad\u00e9quats et de l\u2019attention des autres \u00e0 leur \u00e9gard. Avec des cours, des informations et des &#8230;<\/p>\n","protected":false},"author":1,"featured_media":0,"parent":0,"menu_order":10,"comment_status":"closed","ping_status":"closed","template":"","meta":{"_acf_changed":false,"inline_featured_image":false,"_FSMCFIC_featured_image_caption":"","_FSMCFIC_featured_image_nocaption":"","_FSMCFIC_featured_image_hide":"","footnotes":"","_links_to":"","_links_to_target":""},"class_list":["post-2802","page","type-page","status-publish","hentry"],"acf":[],"yoast_head":"<!-- This site is optimized with the Yoast SEO plugin v27.1.1 - https:\/\/yoast.com\/product\/yoast-seo-wordpress\/ -->\n<title>Consultations et Groupes &#8226; Retina Suisse<\/title>\n<meta name=\"description\" content=\"Nous vous conseillons volontiers dans nos services de consultation Retina Suisse \u00e0 Zurich et Lausanne. Contactez-nous pour un rendez-vous personnel.\" \/>\n<meta name=\"robots\" content=\"index, follow, max-snippet:-1, max-image-preview:large, max-video-preview:-1\" \/>\n<link rel=\"canonical\" href=\"https:\/\/retina.ch\/fr\/consultations-et-groupes\/\" \/>\n<meta property=\"og:locale\" content=\"fr_FR\" \/>\n<meta property=\"og:type\" content=\"article\" \/>\n<meta property=\"og:title\" content=\"Consultations et Groupes &#8226; Retina Suisse\" \/>\n<meta property=\"og:description\" content=\"Nous vous conseillons volontiers dans nos services de consultation Retina Suisse \u00e0 Zurich et Lausanne. Contactez-nous pour un rendez-vous personnel.\" \/>\n<meta property=\"og:url\" content=\"https:\/\/retina.ch\/fr\/consultations-et-groupes\/\" \/>\n<meta property=\"og:site_name\" content=\"Retina Suisse\" \/>\n<meta property=\"article:publisher\" content=\"https:\/\/www.facebook.com\/retinasuisse\/\" \/>\n<meta property=\"article:modified_time\" content=\"2025-03-05T15:33:33+00:00\" \/>\n<meta name=\"twitter:card\" content=\"summary_large_image\" \/>\n<meta name=\"twitter:label1\" content=\"Dur\u00e9e de lecture estim\u00e9e\" \/>\n\t<meta name=\"twitter:data1\" content=\"1 minute\" \/>\n<script type=\"application\/ld+json\" class=\"yoast-schema-graph\">{\"@context\":\"https:\/\/schema.org\",\"@graph\":[{\"@type\":\"WebPage\",\"@id\":\"https:\/\/retina.ch\/fr\/consultations-et-groupes\/\",\"url\":\"https:\/\/retina.ch\/fr\/consultations-et-groupes\/\",\"name\":\"Consultations et Groupes &#8226; Retina Suisse\",\"isPartOf\":{\"@id\":\"https:\/\/retina.ch\/fr\/#website\"},\"datePublished\":\"2020-09-19T07:00:45+00:00\",\"dateModified\":\"2025-03-05T15:33:33+00:00\",\"description\":\"Nous vous conseillons volontiers dans nos services de consultation Retina Suisse \u00e0 Zurich et Lausanne. Contactez-nous pour un rendez-vous personnel.\",\"breadcrumb\":{\"@id\":\"https:\/\/retina.ch\/fr\/consultations-et-groupes\/#breadcrumb\"},\"inLanguage\":\"fr-FR\",\"potentialAction\":[{\"@type\":\"ReadAction\",\"target\":[\"https:\/\/retina.ch\/fr\/consultations-et-groupes\/\"]}]},{\"@type\":\"BreadcrumbList\",\"@id\":\"https:\/\/retina.ch\/fr\/consultations-et-groupes\/#breadcrumb\",\"itemListElement\":[{\"@type\":\"ListItem\",\"position\":1,\"name\":\"Retina Suisse\",\"item\":\"https:\/\/retina.ch\/fr\/\"},{\"@type\":\"ListItem\",\"position\":2,\"name\":\"Consultations et Groupes\"}]},{\"@type\":\"WebSite\",\"@id\":\"https:\/\/retina.ch\/fr\/#website\",\"url\":\"https:\/\/retina.ch\/fr\/\",\"name\":\"Retina Suisse\",\"description\":\"Retina Suisse ist die Vereinigung von Patientinnen und Patienten mit Retinitis pigmentosa (RP), Makuladegeneration, Usher-Syndrom und anderen Erkrankungen des Augenhintergrundes.\",\"publisher\":{\"@id\":\"https:\/\/retina.ch\/fr\/#organization\"},\"potentialAction\":[{\"@type\":\"SearchAction\",\"target\":{\"@type\":\"EntryPoint\",\"urlTemplate\":\"https:\/\/retina.ch\/fr\/?s={search_term_string}\"},\"query-input\":{\"@type\":\"PropertyValueSpecification\",\"valueRequired\":true,\"valueName\":\"search_term_string\"}}],\"inLanguage\":\"fr-FR\"},{\"@type\":\"Organization\",\"@id\":\"https:\/\/retina.ch\/fr\/#organization\",\"name\":\"Retina Suisse\",\"url\":\"https:\/\/retina.ch\/fr\/\",\"logo\":{\"@type\":\"ImageObject\",\"inLanguage\":\"fr-FR\",\"@id\":\"https:\/\/retina.ch\/fr\/#\/schema\/logo\/image\/\",\"url\":\"https:\/\/retina.ch\/wp-content\/uploads\/2020\/09\/retina-auge-typo.svg\",\"contentUrl\":\"https:\/\/retina.ch\/wp-content\/uploads\/2020\/09\/retina-auge-typo.svg\",\"width\":\"1024\",\"height\":\"1024\",\"caption\":\"Retina Suisse\"},\"image\":{\"@id\":\"https:\/\/retina.ch\/fr\/#\/schema\/logo\/image\/\"},\"sameAs\":[\"https:\/\/www.facebook.com\/retinasuisse\/\"]}]}<\/script>\n<!-- \/ Yoast SEO plugin. -->","yoast_head_json":{"title":"Consultations et Groupes &#8226; Retina Suisse","description":"Nous vous conseillons volontiers dans nos services de consultation Retina Suisse \u00e0 Zurich et Lausanne. Contactez-nous pour un rendez-vous personnel.","robots":{"index":"index","follow":"follow","max-snippet":"max-snippet:-1","max-image-preview":"max-image-preview:large","max-video-preview":"max-video-preview:-1"},"canonical":"https:\/\/retina.ch\/fr\/consultations-et-groupes\/","og_locale":"fr_FR","og_type":"article","og_title":"Consultations et Groupes &#8226; Retina Suisse","og_description":"Nous vous conseillons volontiers dans nos services de consultation Retina Suisse \u00e0 Zurich et Lausanne. Contactez-nous pour un rendez-vous personnel.","og_url":"https:\/\/retina.ch\/fr\/consultations-et-groupes\/","og_site_name":"Retina Suisse","article_publisher":"https:\/\/www.facebook.com\/retinasuisse\/","article_modified_time":"2025-03-05T15:33:33+00:00","twitter_card":"summary_large_image","twitter_misc":{"Dur\u00e9e de lecture estim\u00e9e":"1 minute"},"schema":{"@context":"https:\/\/schema.org","@graph":[{"@type":"WebPage","@id":"https:\/\/retina.ch\/fr\/consultations-et-groupes\/","url":"https:\/\/retina.ch\/fr\/consultations-et-groupes\/","name":"Consultations et Groupes &#8226; Retina Suisse","isPartOf":{"@id":"https:\/\/retina.ch\/fr\/#website"},"datePublished":"2020-09-19T07:00:45+00:00","dateModified":"2025-03-05T15:33:33+00:00","description":"Nous vous conseillons volontiers dans nos services de consultation Retina Suisse \u00e0 Zurich et Lausanne. Contactez-nous pour un rendez-vous personnel.","breadcrumb":{"@id":"https:\/\/retina.ch\/fr\/consultations-et-groupes\/#breadcrumb"},"inLanguage":"fr-FR","potentialAction":[{"@type":"ReadAction","target":["https:\/\/retina.ch\/fr\/consultations-et-groupes\/"]}]},{"@type":"BreadcrumbList","@id":"https:\/\/retina.ch\/fr\/consultations-et-groupes\/#breadcrumb","itemListElement":[{"@type":"ListItem","position":1,"name":"Retina Suisse","item":"https:\/\/retina.ch\/fr\/"},{"@type":"ListItem","position":2,"name":"Consultations et Groupes"}]},{"@type":"WebSite","@id":"https:\/\/retina.ch\/fr\/#website","url":"https:\/\/retina.ch\/fr\/","name":"Retina Suisse","description":"Retina Suisse ist die Vereinigung von Patientinnen und Patienten mit Retinitis pigmentosa (RP), Makuladegeneration, Usher-Syndrom und anderen Erkrankungen des Augenhintergrundes.","publisher":{"@id":"https:\/\/retina.ch\/fr\/#organization"},"potentialAction":[{"@type":"SearchAction","target":{"@type":"EntryPoint","urlTemplate":"https:\/\/retina.ch\/fr\/?s={search_term_string}"},"query-input":{"@type":"PropertyValueSpecification","valueRequired":true,"valueName":"search_term_string"}}],"inLanguage":"fr-FR"},{"@type":"Organization","@id":"https:\/\/retina.ch\/fr\/#organization","name":"Retina Suisse","url":"https:\/\/retina.ch\/fr\/","logo":{"@type":"ImageObject","inLanguage":"fr-FR","@id":"https:\/\/retina.ch\/fr\/#\/schema\/logo\/image\/","url":"https:\/\/retina.ch\/wp-content\/uploads\/2020\/09\/retina-auge-typo.svg","contentUrl":"https:\/\/retina.ch\/wp-content\/uploads\/2020\/09\/retina-auge-typo.svg","width":"1024","height":"1024","caption":"Retina Suisse"},"image":{"@id":"https:\/\/retina.ch\/fr\/#\/schema\/logo\/image\/"},"sameAs":["https:\/\/www.facebook.com\/retinasuisse\/"]}]}},"_links":{"self":[{"href":"https:\/\/retina.ch\/fr\/wp-json\/wp\/v2\/pages\/2802","targetHints":{"allow":["GET"]}}],"collection":[{"href":"https:\/\/retina.ch\/fr\/wp-json\/wp\/v2\/pages"}],"about":[{"href":"https:\/\/retina.ch\/fr\/wp-json\/wp\/v2\/types\/page"}],"author":[{"embeddable":true,"href":"https:\/\/retina.ch\/fr\/wp-json\/wp\/v2\/users\/1"}],"replies":[{"embeddable":true,"href":"https:\/\/retina.ch\/fr\/wp-json\/wp\/v2\/comments?post=2802"}],"version-history":[{"count":2,"href":"https:\/\/retina.ch\/fr\/wp-json\/wp\/v2\/pages\/2802\/revisions"}],"predecessor-version":[{"id":9550,"href":"https:\/\/retina.ch\/fr\/wp-json\/wp\/v2\/pages\/2802\/revisions\/9550"}],"wp:attachment":[{"href":"https:\/\/retina.ch\/fr\/wp-json\/wp\/v2\/media?parent=2802"}],"curies":[{"name":"wp","href":"https:\/\/api.w.org\/{rel}","templated":true}]}}