{"id":3265,"date":"2020-11-05T15:33:01","date_gmt":"2020-11-05T14:33:01","guid":{"rendered":"https:\/\/dev.retina.ch\/?page_id=3265"},"modified":"2025-03-05T16:46:32","modified_gmt":"2025-03-05T15:46:32","slug":"livre-de-cuisine","status":"publish","type":"page","link":"https:\/\/retina.ch\/fr\/services\/livre-de-cuisine\/","title":{"rendered":"Livre de cuisine"},"content":{"rendered":"<div class=\"wp-block-image\">\n<figure class=\"alignright\" id=\"block-ab810a80-7137-4523-b6aa-89d6f786ad63\"><img decoding=\"async\" src=\"https:\/\/retina.ch\/wp-content\/uploads\/2020\/10\/Kochbuch-F-scaled-1-239x400.jpg\" alt=\"Dieses Bild hat ein leeres Alt-Attribut. Der Dateiname ist Kochbuch-F-scaled-1-239x400.jpg\"\/><\/figure>\n<\/div>\n\n\n<p>La d\u00e9g\u00e9n\u00e9rescence maculaire li\u00e9e \u00e0 l\u2019\u00e2ge est une maladie de la r\u00e9tine, au fond de l\u2019\u0153il. Elle cause la d\u00e9gradation ou la perte de la vision dans la zone o\u00f9 l\u2019acuit\u00e9 visuelle est maximale. Dans le monde occidental, la DMLA est la cause la plus importante de handicap visuel s\u00e9v\u00e8re chez les personnes de plus de 50 ans.<\/p>\n\n\n\n<p><strong>Le livre de cuisine est \u00e9puis\u00e9, mais peut \u00eatre t\u00e9l\u00e9charg\u00e9 sans <code>frais :<\/code><br><a href=\"https:\/\/pharma.bayer.ch\/sites\/g\/files\/vrxlpx50276\/files\/2022-02\/eyl_kochbuch_f_20210629.pdf\" target=\"_blank\" rel=\"noreferrer noopener\">t\u00e9l\u00e9charger PDF.<\/a><\/strong><\/p>\n","protected":false},"excerpt":{"rendered":"<p>La d\u00e9g\u00e9n\u00e9rescence maculaire li\u00e9e \u00e0 l\u2019\u00e2ge est une maladie de la r\u00e9tine, au fond de l\u2019\u0153il. Elle cause la d\u00e9gradation ou la perte de la vision dans la zone o\u00f9 l\u2019acuit\u00e9 visuelle est maximale. Dans le monde occidental, la DMLA est la cause la plus importante de handicap visuel s\u00e9v\u00e8re chez les personnes de plus &#8230;<\/p>\n","protected":false},"author":1,"featured_media":0,"parent":2850,"menu_order":20,"comment_status":"closed","ping_status":"closed","template":"","meta":{"_acf_changed":false,"inline_featured_image":false,"_FSMCFIC_featured_image_caption":"","_FSMCFIC_featured_image_nocaption":"","_FSMCFIC_featured_image_hide":"","footnotes":"","_links_to":"","_links_to_target":""},"class_list":["post-3265","page","type-page","status-publish","hentry"],"acf":[],"yoast_head":"<!-- This site is optimized with the Yoast SEO plugin v27.1.1 - https:\/\/yoast.com\/product\/yoast-seo-wordpress\/ -->\n<title>livre-de-cuisine<\/title>\n<meta name=\"description\" content=\"Commandez le livre de cuisine \u00ab Cuisine pour les yeux - Recettes raffin\u00e9es avec lut\u00e9ine \u00bb : 52 recettes simples pour la sant\u00e9 de vos yeux.\" \/>\n<meta name=\"robots\" content=\"index, follow, max-snippet:-1, max-image-preview:large, max-video-preview:-1\" \/>\n<link rel=\"canonical\" href=\"https:\/\/retina.ch\/fr\/services\/livre-de-cuisine\/\" \/>\n<meta property=\"og:locale\" content=\"fr_FR\" \/>\n<meta property=\"og:type\" content=\"article\" \/>\n<meta property=\"og:title\" content=\"livre-de-cuisine\" \/>\n<meta property=\"og:description\" content=\"Commandez le livre de cuisine \u00ab Cuisine pour les yeux - Recettes raffin\u00e9es avec lut\u00e9ine \u00bb : 52 recettes simples pour la sant\u00e9 de vos yeux.\" \/>\n<meta property=\"og:url\" content=\"https:\/\/retina.ch\/fr\/services\/livre-de-cuisine\/\" \/>\n<meta property=\"og:site_name\" content=\"Retina Suisse\" \/>\n<meta property=\"article:publisher\" content=\"https:\/\/www.facebook.com\/retinasuisse\/\" \/>\n<meta property=\"article:modified_time\" content=\"2025-03-05T15:46:32+00:00\" \/>\n<meta property=\"og:image\" content=\"https:\/\/retina.ch\/wp-content\/uploads\/2020\/10\/Kochbuch-F-scaled-1-239x400.jpg\" \/>\n<meta name=\"twitter:card\" content=\"summary_large_image\" \/>\n<meta name=\"twitter:label1\" content=\"Dur\u00e9e de lecture estim\u00e9e\" \/>\n\t<meta name=\"twitter:data1\" content=\"1 minute\" \/>\n<script type=\"application\/ld+json\" class=\"yoast-schema-graph\">{\"@context\":\"https:\/\/schema.org\",\"@graph\":[{\"@type\":\"WebPage\",\"@id\":\"https:\/\/retina.ch\/fr\/services\/livre-de-cuisine\/\",\"url\":\"https:\/\/retina.ch\/fr\/services\/livre-de-cuisine\/\",\"name\":\"livre-de-cuisine\",\"isPartOf\":{\"@id\":\"https:\/\/retina.ch\/fr\/#website\"},\"primaryImageOfPage\":{\"@id\":\"https:\/\/retina.ch\/fr\/services\/livre-de-cuisine\/#primaryimage\"},\"image\":{\"@id\":\"https:\/\/retina.ch\/fr\/services\/livre-de-cuisine\/#primaryimage\"},\"thumbnailUrl\":\"https:\/\/retina.ch\/wp-content\/uploads\/2020\/10\/Kochbuch-F-scaled-1-239x400.jpg\",\"datePublished\":\"2020-11-05T14:33:01+00:00\",\"dateModified\":\"2025-03-05T15:46:32+00:00\",\"description\":\"Commandez le livre de cuisine \u00ab Cuisine pour les yeux - Recettes raffin\u00e9es avec lut\u00e9ine \u00bb : 52 recettes simples pour la sant\u00e9 de vos yeux.\",\"breadcrumb\":{\"@id\":\"https:\/\/retina.ch\/fr\/services\/livre-de-cuisine\/#breadcrumb\"},\"inLanguage\":\"fr-FR\",\"potentialAction\":[{\"@type\":\"ReadAction\",\"target\":[\"https:\/\/retina.ch\/fr\/services\/livre-de-cuisine\/\"]}]},{\"@type\":\"ImageObject\",\"inLanguage\":\"fr-FR\",\"@id\":\"https:\/\/retina.ch\/fr\/services\/livre-de-cuisine\/#primaryimage\",\"url\":\"https:\/\/retina.ch\/wp-content\/uploads\/2020\/10\/Kochbuch-F-scaled-1-239x400.jpg\",\"contentUrl\":\"https:\/\/retina.ch\/wp-content\/uploads\/2020\/10\/Kochbuch-F-scaled-1-239x400.jpg\"},{\"@type\":\"BreadcrumbList\",\"@id\":\"https:\/\/retina.ch\/fr\/services\/livre-de-cuisine\/#breadcrumb\",\"itemListElement\":[{\"@type\":\"ListItem\",\"position\":1,\"name\":\"Retina Suisse\",\"item\":\"https:\/\/retina.ch\/fr\/\"},{\"@type\":\"ListItem\",\"position\":2,\"name\":\"Services\",\"item\":\"https:\/\/retina.ch\/fr\/services\/\"},{\"@type\":\"ListItem\",\"position\":3,\"name\":\"Livre de cuisine\"}]},{\"@type\":\"WebSite\",\"@id\":\"https:\/\/retina.ch\/fr\/#website\",\"url\":\"https:\/\/retina.ch\/fr\/\",\"name\":\"Retina Suisse\",\"description\":\"Retina Suisse ist die Vereinigung von Patientinnen und Patienten mit Retinitis pigmentosa (RP), Makuladegeneration, Usher-Syndrom und anderen Erkrankungen des Augenhintergrundes.\",\"publisher\":{\"@id\":\"https:\/\/retina.ch\/fr\/#organization\"},\"potentialAction\":[{\"@type\":\"SearchAction\",\"target\":{\"@type\":\"EntryPoint\",\"urlTemplate\":\"https:\/\/retina.ch\/fr\/?s={search_term_string}\"},\"query-input\":{\"@type\":\"PropertyValueSpecification\",\"valueRequired\":true,\"valueName\":\"search_term_string\"}}],\"inLanguage\":\"fr-FR\"},{\"@type\":\"Organization\",\"@id\":\"https:\/\/retina.ch\/fr\/#organization\",\"name\":\"Retina Suisse\",\"url\":\"https:\/\/retina.ch\/fr\/\",\"logo\":{\"@type\":\"ImageObject\",\"inLanguage\":\"fr-FR\",\"@id\":\"https:\/\/retina.ch\/fr\/#\/schema\/logo\/image\/\",\"url\":\"https:\/\/retina.ch\/wp-content\/uploads\/2020\/09\/retina-auge-typo.svg\",\"contentUrl\":\"https:\/\/retina.ch\/wp-content\/uploads\/2020\/09\/retina-auge-typo.svg\",\"width\":\"1024\",\"height\":\"1024\",\"caption\":\"Retina Suisse\"},\"image\":{\"@id\":\"https:\/\/retina.ch\/fr\/#\/schema\/logo\/image\/\"},\"sameAs\":[\"https:\/\/www.facebook.com\/retinasuisse\/\"]}]}<\/script>\n<!-- \/ Yoast SEO plugin. -->","yoast_head_json":{"title":"livre-de-cuisine","description":"Commandez le livre de cuisine \u00ab Cuisine pour les yeux - Recettes raffin\u00e9es avec lut\u00e9ine \u00bb : 52 recettes simples pour la sant\u00e9 de vos yeux.","robots":{"index":"index","follow":"follow","max-snippet":"max-snippet:-1","max-image-preview":"max-image-preview:large","max-video-preview":"max-video-preview:-1"},"canonical":"https:\/\/retina.ch\/fr\/services\/livre-de-cuisine\/","og_locale":"fr_FR","og_type":"article","og_title":"livre-de-cuisine","og_description":"Commandez le livre de cuisine \u00ab Cuisine pour les yeux - Recettes raffin\u00e9es avec lut\u00e9ine \u00bb : 52 recettes simples pour la sant\u00e9 de vos yeux.","og_url":"https:\/\/retina.ch\/fr\/services\/livre-de-cuisine\/","og_site_name":"Retina Suisse","article_publisher":"https:\/\/www.facebook.com\/retinasuisse\/","article_modified_time":"2025-03-05T15:46:32+00:00","og_image":[{"url":"https:\/\/retina.ch\/wp-content\/uploads\/2020\/10\/Kochbuch-F-scaled-1-239x400.jpg","type":"","width":"","height":""}],"twitter_card":"summary_large_image","twitter_misc":{"Dur\u00e9e de lecture estim\u00e9e":"1 minute"},"schema":{"@context":"https:\/\/schema.org","@graph":[{"@type":"WebPage","@id":"https:\/\/retina.ch\/fr\/services\/livre-de-cuisine\/","url":"https:\/\/retina.ch\/fr\/services\/livre-de-cuisine\/","name":"livre-de-cuisine","isPartOf":{"@id":"https:\/\/retina.ch\/fr\/#website"},"primaryImageOfPage":{"@id":"https:\/\/retina.ch\/fr\/services\/livre-de-cuisine\/#primaryimage"},"image":{"@id":"https:\/\/retina.ch\/fr\/services\/livre-de-cuisine\/#primaryimage"},"thumbnailUrl":"https:\/\/retina.ch\/wp-content\/uploads\/2020\/10\/Kochbuch-F-scaled-1-239x400.jpg","datePublished":"2020-11-05T14:33:01+00:00","dateModified":"2025-03-05T15:46:32+00:00","description":"Commandez le livre de cuisine \u00ab Cuisine pour les yeux - Recettes raffin\u00e9es avec lut\u00e9ine \u00bb : 52 recettes simples pour la sant\u00e9 de vos yeux.","breadcrumb":{"@id":"https:\/\/retina.ch\/fr\/services\/livre-de-cuisine\/#breadcrumb"},"inLanguage":"fr-FR","potentialAction":[{"@type":"ReadAction","target":["https:\/\/retina.ch\/fr\/services\/livre-de-cuisine\/"]}]},{"@type":"ImageObject","inLanguage":"fr-FR","@id":"https:\/\/retina.ch\/fr\/services\/livre-de-cuisine\/#primaryimage","url":"https:\/\/retina.ch\/wp-content\/uploads\/2020\/10\/Kochbuch-F-scaled-1-239x400.jpg","contentUrl":"https:\/\/retina.ch\/wp-content\/uploads\/2020\/10\/Kochbuch-F-scaled-1-239x400.jpg"},{"@type":"BreadcrumbList","@id":"https:\/\/retina.ch\/fr\/services\/livre-de-cuisine\/#breadcrumb","itemListElement":[{"@type":"ListItem","position":1,"name":"Retina Suisse","item":"https:\/\/retina.ch\/fr\/"},{"@type":"ListItem","position":2,"name":"Services","item":"https:\/\/retina.ch\/fr\/services\/"},{"@type":"ListItem","position":3,"name":"Livre de cuisine"}]},{"@type":"WebSite","@id":"https:\/\/retina.ch\/fr\/#website","url":"https:\/\/retina.ch\/fr\/","name":"Retina Suisse","description":"Retina Suisse ist die Vereinigung von Patientinnen und Patienten mit Retinitis pigmentosa (RP), Makuladegeneration, Usher-Syndrom und anderen Erkrankungen des Augenhintergrundes.","publisher":{"@id":"https:\/\/retina.ch\/fr\/#organization"},"potentialAction":[{"@type":"SearchAction","target":{"@type":"EntryPoint","urlTemplate":"https:\/\/retina.ch\/fr\/?s={search_term_string}"},"query-input":{"@type":"PropertyValueSpecification","valueRequired":true,"valueName":"search_term_string"}}],"inLanguage":"fr-FR"},{"@type":"Organization","@id":"https:\/\/retina.ch\/fr\/#organization","name":"Retina Suisse","url":"https:\/\/retina.ch\/fr\/","logo":{"@type":"ImageObject","inLanguage":"fr-FR","@id":"https:\/\/retina.ch\/fr\/#\/schema\/logo\/image\/","url":"https:\/\/retina.ch\/wp-content\/uploads\/2020\/09\/retina-auge-typo.svg","contentUrl":"https:\/\/retina.ch\/wp-content\/uploads\/2020\/09\/retina-auge-typo.svg","width":"1024","height":"1024","caption":"Retina Suisse"},"image":{"@id":"https:\/\/retina.ch\/fr\/#\/schema\/logo\/image\/"},"sameAs":["https:\/\/www.facebook.com\/retinasuisse\/"]}]}},"_links":{"self":[{"href":"https:\/\/retina.ch\/fr\/wp-json\/wp\/v2\/pages\/3265","targetHints":{"allow":["GET"]}}],"collection":[{"href":"https:\/\/retina.ch\/fr\/wp-json\/wp\/v2\/pages"}],"about":[{"href":"https:\/\/retina.ch\/fr\/wp-json\/wp\/v2\/types\/page"}],"author":[{"embeddable":true,"href":"https:\/\/retina.ch\/fr\/wp-json\/wp\/v2\/users\/1"}],"replies":[{"embeddable":true,"href":"https:\/\/retina.ch\/fr\/wp-json\/wp\/v2\/comments?post=3265"}],"version-history":[{"count":21,"href":"https:\/\/retina.ch\/fr\/wp-json\/wp\/v2\/pages\/3265\/revisions"}],"predecessor-version":[{"id":19681,"href":"https:\/\/retina.ch\/fr\/wp-json\/wp\/v2\/pages\/3265\/revisions\/19681"}],"up":[{"embeddable":true,"href":"https:\/\/retina.ch\/fr\/wp-json\/wp\/v2\/pages\/2850"}],"wp:attachment":[{"href":"https:\/\/retina.ch\/fr\/wp-json\/wp\/v2\/media?parent=3265"}],"curies":[{"name":"wp","href":"https:\/\/api.w.org\/{rel}","templated":true}]}}