{"id":6730,"date":"2021-06-30T16:09:04","date_gmt":"2021-06-30T14:09:04","guid":{"rendered":"https:\/\/retina.ch\/?page_id=6730"},"modified":"2021-06-30T16:30:10","modified_gmt":"2021-06-30T14:30:10","slug":"nouvel-utilisateur","status":"publish","type":"page","link":"https:\/\/retina.ch\/fr\/nouvel-utilisateur\/","title":{"rendered":"Login de l&rsquo;utilisateur du site web de Retina Suisse"},"content":{"rendered":"\n<p>Si vous \u00eates d\u00e9j\u00e0 membre de Retina Suisse mais ne disposez pas d&rsquo;un compte d&rsquo;utilisateur du site Web, vous pouvez l&rsquo;enregistrer ici.<\/p>\n\n\n\n<p>Si vous n&rsquo;\u00eates pas encore membre de Retina Suisse, veuillez <a href=\"https:\/\/retina.ch\/mitgliedschaft\/\">enregistrer l&rsquo;adh\u00e9sion et l&rsquo;utilisateur du site web ici<\/a>.<\/p>\n\n\n<div class=\"frm_forms  with_frm_style frm_style_formidable-style-2\" id=\"frm_form_22_container\" >\n<form enctype=\"multipart\/form-data\" method=\"post\" class=\"frm-show-form  frm_pro_form \" id=\"form_pbnwe7282b9328e20071fc606\" >\n<div class=\"frm_form_fields \">\n<fieldset>\n<legend class=\"frm_screen_reader\">Login d&rsquo;utilisateur du site web<\/legend>\r\n\r\n<div class=\"frm_fields_container\">\n<input type=\"hidden\" name=\"frm_action\" value=\"create\" \/>\n<input type=\"hidden\" name=\"form_id\" value=\"22\" \/>\n<input type=\"hidden\" name=\"frm_hide_fields_22\" id=\"frm_hide_fields_22\" value=\"\" \/>\n<input type=\"hidden\" name=\"form_key\" value=\"pbnwe7282b9328e20071fc606\" \/>\n<input type=\"hidden\" name=\"item_meta[0]\" value=\"\" \/>\n<input type=\"hidden\" id=\"frm_submit_entry_22\" name=\"frm_submit_entry_22\" value=\"1c314da5ce\" \/><input type=\"hidden\" name=\"_wp_http_referer\" value=\"\/fr\/wp-json\/wp\/v2\/pages\/6730\" \/><div id=\"frm_field_691_container\" class=\"frm_form_field frm_section_heading form-field \">\r\n<h3 class=\"frm_pos_left frm_section_spacing\">Utilisateurs du site web<\/h3>\r\n\r\n\r\n<div id=\"frm_field_693_container\" class=\"frm_form_field form-field  frm_required_field frm_left_container\">\r\n    <label for=\"field_pfngad055df17d59ba62b33d4\" id=\"field_pfngad055df17d59ba62b33d4_label\" class=\"frm_primary_label\">Nom d&rsquo;utilisateur\r\n        <span class=\"frm_required\">*<\/span>\r\n    <\/label>\r\n    <input  type=\"text\" id=\"field_pfngad055df17d59ba62b33d4\" name=\"item_meta[693]\" value=\"\"  data-sectionid=\"691\"  placeholder=\"Nom de l&#039;utilisateur\" data-reqmsg=\"Ce champ doit \u00eatre rempli.\" aria-required=\"true\" data-invmsg=\"Le texte n&#039;est pas valide\" tabindex=\"18\" aria-invalid=\"false\"   \/>\r\n    \r\n    \r\n<\/div>\n<div id=\"frm_field_694_container\" class=\"frm_form_field form-field  frm_required_field frm_left_container\">\r\n    <label for=\"field_qwze6c165e75cf6f564e36b96\" id=\"field_qwze6c165e75cf6f564e36b96_label\" class=\"frm_primary_label\">Mot de passe\r\n        <span class=\"frm_required\">*<\/span>\r\n    <\/label>\r\n    <input type=\"password\" id=\"field_qwze6c165e75cf6f564e36b96\" name=\"item_meta[694]\" value=\"\"  data-sectionid=\"691\"  placeholder=\"Mot de passe\" data-reqmsg=\"Ce champ doit \u00eatre rempli.\" aria-required=\"true\" data-invmsg=\"Le texte n&#039;est pas valide\" tabindex=\"19\" aria-invalid=\"false\"  \/>\r\n    \r\n    \r\n<\/div>\n<\/div>\n<div id=\"frm_field_1004_container\" class=\"frm_form_field frm_section_heading form-field \">\n<h3 class=\"frm_pos_left frm_section_spacing\">Donn\u00e9es personnelles<\/h3>\n\n\n<div id=\"frm_field_962_container\" class=\"frm_form_field form-field  frm_left_container\">\r\n\t<label for=\"field_n9fdz\" id=\"field_n9fdz_label\" class=\"frm_primary_label\">Titre\r\n\t\t<span class=\"frm_required\" aria-hidden=\"true\"><\/span>\r\n\t<\/label>\r\n\t<input  type=\"text\" id=\"field_n9fdz\" name=\"item_meta[962]\" value=\"\"  data-sectionid=\"1004\"  data-invmsg=\"Titre ist ung\u00fcltig\" aria-invalid=\"false\"   \/>\r\n\t\r\n\t\r\n<\/div>\n<div id=\"frm_field_675_container\" class=\"frm_form_field form-field  frm_required_field frm_left_container\">\r\n    <label for=\"field_pytlj10f6032b978926a9e2b6\" class=\"frm_primary_label\">Pr\u00e9nom\r\n        <span class=\"frm_required\">*<\/span>\r\n    <\/label>\r\n    <input  type=\"text\" id=\"field_pytlj10f6032b978926a9e2b6\" name=\"item_meta[675]\" value=\"\"  data-sectionid=\"1004\"  placeholder=\"Pr\u00e9nom\" data-reqmsg=\"Ce champ doit \u00eatre rempli.\" aria-required=\"true\" data-invmsg=\"Le texte n&#039;est pas valide\" tabindex=\"10\" aria-invalid=\"false\"   \/>\r\n    \r\n    \r\n<\/div>\n<div id=\"frm_field_676_container\" class=\"frm_form_field form-field  frm_required_field frm_left_container\">\r\n    <label for=\"field_lz7tv30936a0d297aff52bcd6\" class=\"frm_primary_label\">Nom\r\n        <span class=\"frm_required\">*<\/span>\r\n    <\/label>\r\n    <input  type=\"text\" id=\"field_lz7tv30936a0d297aff52bcd6\" name=\"item_meta[676]\" value=\"\"  data-sectionid=\"1004\"  placeholder=\"Nom\" data-reqmsg=\"Ce champ doit \u00eatre rempli.\" aria-required=\"true\" data-invmsg=\"Le texte n&#039;est pas valide\" tabindex=\"11\" aria-invalid=\"false\"   \/>\r\n    \r\n    \r\n<\/div>\n<div id=\"frm_field_704_container\" class=\"frm_form_field form-field  frm_required_field frm_left_container\">\r\n    <label for=\"field_i2n33\" id=\"field_i2n33_label\" class=\"frm_primary_label\">Date de naissance\r\n        <span class=\"frm_required\" aria-hidden=\"true\">*<\/span>\r\n    <\/label>\r\n    <input  type=\"text\" id=\"field_i2n33\" name=\"item_meta[704]\" value=\"\"  data-sectionid=\"1004\"  data-reqmsg=\"Ce champ doit \u00eatre rempli.\" aria-required=\"true\" data-invmsg=\"Le texte n&#039;est pas valide\" aria-invalid=\"false\"   \/>\r\n    \r\n    \r\n<\/div>\n<div id=\"frm_field_678_container\" class=\"frm_form_field form-field  frm_left_container\">\r\n    <label for=\"field_9uils0e4a9831cf0b89930aec\" class=\"frm_primary_label\">Profession\r\n        <span class=\"frm_required\"><\/span>\r\n    <\/label>\r\n    <input  type=\"text\" id=\"field_9uils0e4a9831cf0b89930aec\" name=\"item_meta[678]\" value=\"\"  data-sectionid=\"1004\"  placeholder=\"Profession\" data-invmsg=\"Le texte n&#039;est pas valide\" tabindex=\"13\" aria-invalid=\"false\"   \/>\r\n    \r\n    \r\n<\/div>\n<div id=\"frm_field_679_container\" class=\"frm_form_field form-field  frm_required_field frm_left_container\">\r\n    <label for=\"field_986cj11b488356ec2151d897f\" class=\"frm_primary_label\">E-mail\r\n        <span class=\"frm_required\">*<\/span>\r\n    <\/label>\r\n    <input type=\"email\" id=\"field_986cj11b488356ec2151d897f\" name=\"item_meta[679]\" value=\"\"  data-sectionid=\"1004\"  placeholder=\"E-mail\" data-reqmsg=\"Ce champ doit \u00eatre rempli.\" aria-required=\"true\" data-invmsg=\"E-mail n&#039;est pas valable\" tabindex=\"14\" aria-invalid=\"false\"  \/>\r\n    \r\n    \r\n<\/div>\n<div id=\"frm_field_680_container\" class=\"frm_form_field form-field  frm_required_field frm_left_container\">\r\n    <label for=\"field_i8upoe8db3b46ccb76b12abed\" class=\"frm_primary_label\">T\u00e9l\u00e9phone\r\n        <span class=\"frm_required\">*<\/span>\r\n    <\/label>\r\n    <input  type=\"text\" id=\"field_i8upoe8db3b46ccb76b12abed\" name=\"item_meta[680]\" value=\"\"  data-sectionid=\"1004\"  placeholder=\"T\u00e9l\u00e9phone\" data-reqmsg=\"Ce champ doit \u00eatre rempli.\" aria-required=\"true\" data-invmsg=\"Le texte n&#039;est pas valide\" tabindex=\"15\" aria-invalid=\"false\"   \/>\r\n    \r\n    \r\n<\/div>\n<\/div>\n<div id=\"frm_field_689_container\" class=\"frm_form_field form-field  frm_left_container vertical_radio\">\r\n    <div  id=\"field_orarh0b1f3a70274a9bdb0a01_label\" class=\"frm_primary_label\">Newsletter\r\n        <span class=\"frm_required\"><\/span>\r\n    <\/div>\r\n    <div class=\"frm_opt_container\" aria-labelledby=\"field_orarh0b1f3a70274a9bdb0a01_label\" role=\"group\">\t\t<div class=\"frm_checkbox\" id=\"frm_checkbox_689-0\">\t\t\t<label  for=\"field_orarh0b1f3a70274a9bdb0a01-0\">\n\t\t\t<input type=\"checkbox\" name=\"item_meta[689][]\" id=\"field_orarh0b1f3a70274a9bdb0a01-0\" value=\"Newsletter anmelden\"  data-invmsg=\"Newsletter ist ung\u00fcltig\"   \/> Inscription \u00e0 la newsletter<\/label><\/div>\n<\/div>\r\n    \r\n    \r\n<\/div>\n<div id=\"frm_field_696_container\" class=\"frm_form_field frm_section_heading form-field \">\r\n<h3 class=\"frm_pos_left\">La protection des donn\u00e9es<\/h3>\r\n<div id=\"frm_desc_field_pt0t1fb4e278ed3caf1e861ac\" class=\"frm_description frm_section_spacing\">Retina Suisse traite toutes les informations avec le plus grand soin et la plus grande attention. Aucune information n&rsquo;est transmise \u00e0 des tiers. Le formulaire est transmis avec SSL. <\/div>\r\n\r\n<div id=\"frm_field_697_container\" class=\"frm_form_field form-field  frm_required_field frm_left_container vertical_radio\">\r\n    <label for=\"field_nj3yr5d21c564f0da315d8dfe\" class=\"frm_primary_label\">J\u2019ai pris connaissance de la protection des donn\u00e9es\r\n        <span class=\"frm_required\">*<\/span>\r\n    <\/label>\r\n    <div class=\"frm_opt_container\">\t\t<div class=\"frm_checkbox\" id=\"frm_checkbox_697-696-0\">\t\t\t<label  for=\"field_nj3yr5d21c564f0da315d8dfe-0\">\n\t\t\t<input type=\"checkbox\" name=\"item_meta[697][]\" id=\"field_nj3yr5d21c564f0da315d8dfe-0\" value=\"Bitte beachten Sie unsere &lt;a href=&quot;https:\/\/retina.ch\/kontakt\/datenschutz\/&quot;&gt;Datenschutzbestimmungen&lt;\/a&gt;. Alle Informationen werden streng vertraulich behandelt und sicher \u00fcbermittelt.\"  data-sectionid=\"696\"  data-reqmsg=\"Ce champ doit \u00eatre rempli.\" data-invmsg=\"J\u2019ai pris connaissance de la protection des donn\u00e9es ist ung\u00fcltig\" tabindex=\"25\"   aria-required=\"true\"  \/> Toutes les informations seront gard\u00e9es strictement confidentielles et transmises en toute s\u00e9curit\u00e9. Veuillez \u00e9galement prendre note de notre <a href=\"https:\/\/retina.ch\/fr\/protection-des-donnees\/\">r\u00e8glement sur la protection des donn\u00e9es<\/a>. \r\n<\/label><\/div>\n<\/div>\r\n    \r\n    \r\n<\/div>\n<\/div>\n\t\t<input  type=\"hidden\" name=\"item_meta[700]\" id=\"field_hr2vg53fa5fc180af1f5bb82e\" value=\"fr\"  data-frmval=\"fr\"   \/>\n\t\t<div id=\"frm_field_701_container\" class=\"frm_form_field form-field  frm_left_container\">\r\n    <label for=\"g-recaptcha-response\" id=\"field_wpn936034781908efb2c3ef6d_label\" class=\"frm_primary_label\">\r\n        <span class=\"frm_required\"><\/span>\r\n    <\/label>\r\n    <div  id=\"field_wpn936034781908efb2c3ef6d\" class=\"frm-g-recaptcha\" data-sitekey=\"6Lcl3ssqAAAAAGA7D5dtsehN8NMTN6Uov3vqF23L\" data-size=\"invisible\" data-theme=\"light\"><\/div>\r\n    \r\n    \r\n<\/div>\n<input type=\"hidden\" name=\"item_meta[702]\" id=\"field_3bjsb7df82f00a\" value=\"\" data-frmval=\"\"\/>\n<div id=\"frm_field_1006_container\" class=\"frm_form_field form-field \">\n\t<div class=\"frm_submit\">\r\n\r\n<button class=\"frm_button_submit frm_final_submit\" type=\"submit\"   formnovalidate=\"formnovalidate\"  tabindex=\"28\">Transmettre<\/button>\r\n\r\n<\/div>\n<\/div>\n\t<input type=\"hidden\" name=\"item_key\" value=\"\" \/>\n\t\t\t<div id=\"frm_field_1010_container\">\n\t\t\t<label for=\"field_hscb4\" >\n\t\t\t\tSi vous \u00eates un humain, ne remplissez pas ce champ.\t\t\t<\/label>\n\t\t\t<input  id=\"field_hscb4\" type=\"text\" class=\"frm_form_field form-field frm_verify\" name=\"item_meta[1010]\" value=\"\"  \/>\n\t\t<\/div>\n\t\t<input type=\"hidden\" name=\"frm_register[email]\" value=\"679\"\/>\n<input type=\"hidden\" name=\"frm_register[username]\" value=\"693\"\/>\n<input type=\"hidden\" name=\"frm_register[password]\" value=\"694\"\/>\n<input type=\"hidden\" name=\"frm_register[subsite_title]\" value=\"username\"\/>\n<input type=\"hidden\" name=\"frm_register[subsite_domain]\" value=\"blog_title\"\/>\n<input name=\"frm_state\" type=\"hidden\" value=\"rf6TVoS9T7Lb2kpTWGmLGX6TkmELOiDrYOjcGQfyDOgZwvqjHL\/EOu98Ukfc\/xue\" \/><\/div>\n<\/fieldset>\n<\/div>\n\n<\/form>\n<\/div>\n","protected":false},"excerpt":{"rendered":"<p>Si vous \u00eates d\u00e9j\u00e0 membre de Retina Suisse mais ne disposez pas d&rsquo;un compte d&rsquo;utilisateur du site Web, vous pouvez l&rsquo;enregistrer ici. Si vous n&rsquo;\u00eates pas encore membre de Retina Suisse, veuillez enregistrer l&rsquo;adh\u00e9sion et l&rsquo;utilisateur du site web ici.<\/p>\n","protected":false},"author":1,"featured_media":0,"parent":0,"menu_order":53,"comment_status":"closed","ping_status":"closed","template":"","meta":{"_acf_changed":false,"inline_featured_image":false,"_FSMCFIC_featured_image_caption":"","_FSMCFIC_featured_image_nocaption":"","_FSMCFIC_featured_image_hide":"","footnotes":"","_links_to":"","_links_to_target":""},"class_list":["post-6730","page","type-page","status-publish","hentry"],"acf":[],"yoast_head":"<!-- This site is optimized with the Yoast SEO plugin v27.1.1 - https:\/\/yoast.com\/product\/yoast-seo-wordpress\/ -->\n<title>Login de l&#039;utilisateur du site web de Retina Suisse &#8226; Retina Suisse<\/title>\n<meta name=\"robots\" content=\"index, follow, max-snippet:-1, max-image-preview:large, max-video-preview:-1\" \/>\n<link rel=\"canonical\" href=\"https:\/\/retina.ch\/fr\/nouvel-utilisateur\/\" \/>\n<meta property=\"og:locale\" content=\"fr_FR\" \/>\n<meta property=\"og:type\" content=\"article\" \/>\n<meta property=\"og:title\" content=\"Login de l&#039;utilisateur du site web de Retina Suisse &#8226; Retina Suisse\" \/>\n<meta property=\"og:description\" content=\"Si vous \u00eates d\u00e9j\u00e0 membre de Retina Suisse mais ne disposez pas d&rsquo;un compte d&rsquo;utilisateur du site Web, vous pouvez l&rsquo;enregistrer ici. Si vous n&rsquo;\u00eates pas encore membre de Retina Suisse, veuillez enregistrer l&rsquo;adh\u00e9sion et l&rsquo;utilisateur du site web ici.\" \/>\n<meta property=\"og:url\" content=\"https:\/\/retina.ch\/fr\/nouvel-utilisateur\/\" \/>\n<meta property=\"og:site_name\" content=\"Retina Suisse\" \/>\n<meta property=\"article:publisher\" content=\"https:\/\/www.facebook.com\/retinasuisse\/\" \/>\n<meta property=\"article:modified_time\" content=\"2021-06-30T14:30:10+00:00\" \/>\n<meta name=\"twitter:card\" content=\"summary_large_image\" \/>\n<meta name=\"twitter:label1\" content=\"Dur\u00e9e de lecture estim\u00e9e\" \/>\n\t<meta name=\"twitter:data1\" content=\"1 minute\" \/>\n<script type=\"application\/ld+json\" class=\"yoast-schema-graph\">{\"@context\":\"https:\/\/schema.org\",\"@graph\":[{\"@type\":\"WebPage\",\"@id\":\"https:\/\/retina.ch\/fr\/nouvel-utilisateur\/\",\"url\":\"https:\/\/retina.ch\/fr\/nouvel-utilisateur\/\",\"name\":\"Login de l'utilisateur du site web de Retina Suisse &#8226; Retina Suisse\",\"isPartOf\":{\"@id\":\"https:\/\/retina.ch\/fr\/#website\"},\"datePublished\":\"2021-06-30T14:09:04+00:00\",\"dateModified\":\"2021-06-30T14:30:10+00:00\",\"breadcrumb\":{\"@id\":\"https:\/\/retina.ch\/fr\/nouvel-utilisateur\/#breadcrumb\"},\"inLanguage\":\"fr-FR\",\"potentialAction\":[{\"@type\":\"ReadAction\",\"target\":[\"https:\/\/retina.ch\/fr\/nouvel-utilisateur\/\"]}]},{\"@type\":\"BreadcrumbList\",\"@id\":\"https:\/\/retina.ch\/fr\/nouvel-utilisateur\/#breadcrumb\",\"itemListElement\":[{\"@type\":\"ListItem\",\"position\":1,\"name\":\"Retina Suisse\",\"item\":\"https:\/\/retina.ch\/fr\/\"},{\"@type\":\"ListItem\",\"position\":2,\"name\":\"Login de l&rsquo;utilisateur du site web de Retina Suisse\"}]},{\"@type\":\"WebSite\",\"@id\":\"https:\/\/retina.ch\/fr\/#website\",\"url\":\"https:\/\/retina.ch\/fr\/\",\"name\":\"Retina Suisse\",\"description\":\"Retina Suisse ist die Vereinigung von Patientinnen und Patienten mit Retinitis pigmentosa (RP), Makuladegeneration, Usher-Syndrom und anderen Erkrankungen des Augenhintergrundes.\",\"publisher\":{\"@id\":\"https:\/\/retina.ch\/fr\/#organization\"},\"potentialAction\":[{\"@type\":\"SearchAction\",\"target\":{\"@type\":\"EntryPoint\",\"urlTemplate\":\"https:\/\/retina.ch\/fr\/?s={search_term_string}\"},\"query-input\":{\"@type\":\"PropertyValueSpecification\",\"valueRequired\":true,\"valueName\":\"search_term_string\"}}],\"inLanguage\":\"fr-FR\"},{\"@type\":\"Organization\",\"@id\":\"https:\/\/retina.ch\/fr\/#organization\",\"name\":\"Retina Suisse\",\"url\":\"https:\/\/retina.ch\/fr\/\",\"logo\":{\"@type\":\"ImageObject\",\"inLanguage\":\"fr-FR\",\"@id\":\"https:\/\/retina.ch\/fr\/#\/schema\/logo\/image\/\",\"url\":\"https:\/\/retina.ch\/wp-content\/uploads\/2020\/09\/retina-auge-typo.svg\",\"contentUrl\":\"https:\/\/retina.ch\/wp-content\/uploads\/2020\/09\/retina-auge-typo.svg\",\"width\":\"1024\",\"height\":\"1024\",\"caption\":\"Retina Suisse\"},\"image\":{\"@id\":\"https:\/\/retina.ch\/fr\/#\/schema\/logo\/image\/\"},\"sameAs\":[\"https:\/\/www.facebook.com\/retinasuisse\/\"]}]}<\/script>\n<!-- \/ Yoast SEO plugin. -->","yoast_head_json":{"title":"Login de l'utilisateur du site web de Retina Suisse &#8226; Retina Suisse","robots":{"index":"index","follow":"follow","max-snippet":"max-snippet:-1","max-image-preview":"max-image-preview:large","max-video-preview":"max-video-preview:-1"},"canonical":"https:\/\/retina.ch\/fr\/nouvel-utilisateur\/","og_locale":"fr_FR","og_type":"article","og_title":"Login de l'utilisateur du site web de Retina Suisse &#8226; Retina Suisse","og_description":"Si vous \u00eates d\u00e9j\u00e0 membre de Retina Suisse mais ne disposez pas d&rsquo;un compte d&rsquo;utilisateur du site Web, vous pouvez l&rsquo;enregistrer ici. Si vous n&rsquo;\u00eates pas encore membre de Retina Suisse, veuillez enregistrer l&rsquo;adh\u00e9sion et l&rsquo;utilisateur du site web ici.","og_url":"https:\/\/retina.ch\/fr\/nouvel-utilisateur\/","og_site_name":"Retina Suisse","article_publisher":"https:\/\/www.facebook.com\/retinasuisse\/","article_modified_time":"2021-06-30T14:30:10+00:00","twitter_card":"summary_large_image","twitter_misc":{"Dur\u00e9e de lecture estim\u00e9e":"1 minute"},"schema":{"@context":"https:\/\/schema.org","@graph":[{"@type":"WebPage","@id":"https:\/\/retina.ch\/fr\/nouvel-utilisateur\/","url":"https:\/\/retina.ch\/fr\/nouvel-utilisateur\/","name":"Login de l'utilisateur du site web de Retina Suisse &#8226; Retina Suisse","isPartOf":{"@id":"https:\/\/retina.ch\/fr\/#website"},"datePublished":"2021-06-30T14:09:04+00:00","dateModified":"2021-06-30T14:30:10+00:00","breadcrumb":{"@id":"https:\/\/retina.ch\/fr\/nouvel-utilisateur\/#breadcrumb"},"inLanguage":"fr-FR","potentialAction":[{"@type":"ReadAction","target":["https:\/\/retina.ch\/fr\/nouvel-utilisateur\/"]}]},{"@type":"BreadcrumbList","@id":"https:\/\/retina.ch\/fr\/nouvel-utilisateur\/#breadcrumb","itemListElement":[{"@type":"ListItem","position":1,"name":"Retina Suisse","item":"https:\/\/retina.ch\/fr\/"},{"@type":"ListItem","position":2,"name":"Login de l&rsquo;utilisateur du site web de Retina Suisse"}]},{"@type":"WebSite","@id":"https:\/\/retina.ch\/fr\/#website","url":"https:\/\/retina.ch\/fr\/","name":"Retina Suisse","description":"Retina Suisse ist die Vereinigung von Patientinnen und Patienten mit Retinitis pigmentosa (RP), Makuladegeneration, Usher-Syndrom und anderen Erkrankungen des Augenhintergrundes.","publisher":{"@id":"https:\/\/retina.ch\/fr\/#organization"},"potentialAction":[{"@type":"SearchAction","target":{"@type":"EntryPoint","urlTemplate":"https:\/\/retina.ch\/fr\/?s={search_term_string}"},"query-input":{"@type":"PropertyValueSpecification","valueRequired":true,"valueName":"search_term_string"}}],"inLanguage":"fr-FR"},{"@type":"Organization","@id":"https:\/\/retina.ch\/fr\/#organization","name":"Retina Suisse","url":"https:\/\/retina.ch\/fr\/","logo":{"@type":"ImageObject","inLanguage":"fr-FR","@id":"https:\/\/retina.ch\/fr\/#\/schema\/logo\/image\/","url":"https:\/\/retina.ch\/wp-content\/uploads\/2020\/09\/retina-auge-typo.svg","contentUrl":"https:\/\/retina.ch\/wp-content\/uploads\/2020\/09\/retina-auge-typo.svg","width":"1024","height":"1024","caption":"Retina Suisse"},"image":{"@id":"https:\/\/retina.ch\/fr\/#\/schema\/logo\/image\/"},"sameAs":["https:\/\/www.facebook.com\/retinasuisse\/"]}]}},"_links":{"self":[{"href":"https:\/\/retina.ch\/fr\/wp-json\/wp\/v2\/pages\/6730","targetHints":{"allow":["GET"]}}],"collection":[{"href":"https:\/\/retina.ch\/fr\/wp-json\/wp\/v2\/pages"}],"about":[{"href":"https:\/\/retina.ch\/fr\/wp-json\/wp\/v2\/types\/page"}],"author":[{"embeddable":true,"href":"https:\/\/retina.ch\/fr\/wp-json\/wp\/v2\/users\/1"}],"replies":[{"embeddable":true,"href":"https:\/\/retina.ch\/fr\/wp-json\/wp\/v2\/comments?post=6730"}],"version-history":[{"count":2,"href":"https:\/\/retina.ch\/fr\/wp-json\/wp\/v2\/pages\/6730\/revisions"}],"predecessor-version":[{"id":6744,"href":"https:\/\/retina.ch\/fr\/wp-json\/wp\/v2\/pages\/6730\/revisions\/6744"}],"wp:attachment":[{"href":"https:\/\/retina.ch\/fr\/wp-json\/wp\/v2\/media?parent=6730"}],"curies":[{"name":"wp","href":"https:\/\/api.w.org\/{rel}","templated":true}]}}