{"id":743,"date":"2020-09-19T19:27:04","date_gmt":"2020-09-19T17:27:04","guid":{"rendered":"https:\/\/dev.retina.ch\/?page_id=743"},"modified":"2025-03-19T13:38:54","modified_gmt":"2025-03-19T12:38:54","slug":"newsletter","status":"publish","type":"page","link":"https:\/\/retina.ch\/fr\/contact\/newsletter\/","title":{"rendered":"Newsletter"},"content":{"rendered":"\n<h2 class=\"wp-block-heading\">S&rsquo;inscrire \u00e0 la newsletter<\/h2>\n\n\n\n<p>Remplissez le formulaire d&rsquo;inscription pour recevoir la newsletter gratuite de Retina Suisse. Toutes les informations seront gard\u00e9es strictement confidentielles.<\/p>\n\n\n<div class=\"frm_forms  with_frm_style frm_style_formidable-style-2\" id=\"frm_form_4_container\" >\n<form enctype=\"multipart\/form-data\" method=\"post\" class=\"frm-show-form  frm_pro_form \" id=\"form_tcn0b\" >\n<div class=\"frm_form_fields \">\n<fieldset>\n<legend class=\"frm_hidden\">Inscription \u00e0 la newsletter<\/legend>\r\n\r\n<div class=\"frm_fields_container\">\n<input type=\"hidden\" name=\"frm_action\" value=\"create\" \/>\n<input type=\"hidden\" name=\"form_id\" value=\"4\" \/>\n<input type=\"hidden\" name=\"frm_hide_fields_4\" id=\"frm_hide_fields_4\" value=\"\" \/>\n<input type=\"hidden\" name=\"form_key\" value=\"tcn0b\" \/>\n<input type=\"hidden\" name=\"item_meta[0]\" value=\"\" \/>\n<input type=\"hidden\" id=\"frm_submit_entry_4\" name=\"frm_submit_entry_4\" value=\"a8af42ab82\" \/><input type=\"hidden\" name=\"_wp_http_referer\" value=\"\/fr\/wp-json\/wp\/v2\/pages\/743\" \/><div id=\"frm_field_33_container\" class=\"frm_form_field form-field  frm_required_field frm_left_container\">\r\n    <label for=\"field_7pq3l\" class=\"frm_primary_label\">Pr\u00e9nom\r\n        <span class=\"frm_required\">*<\/span>\r\n    <\/label>\r\n    <input  type=\"text\" id=\"field_7pq3l\" name=\"item_meta[33]\" value=\"\"  data-reqmsg=\"Ce champ doit \u00eatre rempli.\" aria-required=\"true\" data-invmsg=\"Le pr\u00e9nom n&#039;est pas valide \" tabindex=\"1\" aria-invalid=\"false\"   \/>\r\n    \r\n    \r\n<\/div>\n<div id=\"frm_field_34_container\" class=\"frm_form_field form-field  frm_required_field frm_left_container\">\r\n    <label for=\"field_lcrnr\" class=\"frm_primary_label\">Nom\r\n        <span class=\"frm_required\">*<\/span>\r\n    <\/label>\r\n    <input  type=\"text\" id=\"field_lcrnr\" name=\"item_meta[34]\" value=\"\"  data-reqmsg=\"Ce champ doit \u00eatre rempli.\" aria-required=\"true\" data-invmsg=\"Name ist ung\u00fcltig\" tabindex=\"2\" aria-invalid=\"false\"   \/>\r\n    \r\n    \r\n<\/div>\n<div id=\"frm_field_35_container\" class=\"frm_form_field form-field  frm_required_field frm_left_container\">\r\n    <label for=\"field_u1a70\" class=\"frm_primary_label\">E-mail\r\n        <span class=\"frm_required\">*<\/span>\r\n    <\/label>\r\n    <input type=\"email\" id=\"field_u1a70\" name=\"item_meta[35]\" value=\"\"  data-reqmsg=\"Ce champ doit \u00eatre rempli.\" aria-required=\"true\" data-invmsg=\"L&#039;e-mail n&#039;est pas valide \" tabindex=\"3\" aria-invalid=\"false\"  \/>\r\n    \r\n    \r\n<\/div>\n\t\t<input  type=\"hidden\" name=\"item_meta[36]\" id=\"field_mvnpa\" value=\"fr\"  data-frmval=\"fr\"   \/>\n\t\t<div id=\"frm_field_616_container\" class=\"frm_form_field form-field  frm_left_container\">\n    <label for=\"g-recaptcha-response\" id=\"field_3lyvb_label\" class=\"frm_primary_label\">\n        <span class=\"frm_required\"><\/span>\n    <\/label>\n    <div  id=\"field_3lyvb\" class=\"frm-g-recaptcha\" data-sitekey=\"6Lcl3ssqAAAAAGA7D5dtsehN8NMTN6Uov3vqF23L\" data-size=\"invisible\" data-theme=\"light\"><\/div>\n    \n    \n<\/div>\n<div id=\"frm_field_1003_container\" class=\"frm_form_field form-field \">\n\t<div class=\"frm_submit\">\r\n\r\n<button class=\"frm_button_submit frm_final_submit\" type=\"submit\"   formnovalidate=\"formnovalidate\"  tabindex=\"4\">Anmelden<\/button>\r\n\r\n<\/div>\n<\/div>\n\t<input type=\"hidden\" name=\"item_key\" value=\"\" \/>\n\t\t\t<div id=\"frm_field_1010_container\">\n\t\t\t<label for=\"field_8n5ef\" >\n\t\t\t\tSi vous \u00eates un humain, ne remplissez pas ce champ.\t\t\t<\/label>\n\t\t\t<input  id=\"field_8n5ef\" type=\"text\" class=\"frm_form_field form-field frm_verify\" name=\"item_meta[1010]\" value=\"\"  \/>\n\t\t<\/div>\n\t\t<input name=\"frm_state\" type=\"hidden\" value=\"rf6TVoS9T7Lb2kpTWGmLGfEJrDUSd5Pt1t7KUUQtnTX3ftfSmWVsbVURkqkgzkyf\" \/><\/div>\n<\/fieldset>\n<\/div>\n\n<\/form>\n<\/div>\n\n\n\n<hr class=\"wp-block-separator has-css-opacity\"\/>\n\n\n\n<h2 class=\"wp-block-heading\">Se d\u00e9sinscrire de&nbsp;la newsletter<\/h2>\n\n\n\n<p>Vous pouvez vous d\u00e9sinscrire \u00e0 tout moment en utilisant&nbsp;le lien qui figure \u00e0 la fin de chaque E-mail.<\/p>\n\n\n<div class=\"frm_forms  with_frm_style frm_style_formidable-style-2\" id=\"frm_form_5_container\" >\n<form enctype=\"multipart\/form-data\" method=\"post\" class=\"frm-show-form  frm_pro_form \" id=\"form_tcn0b2\" >\n<div class=\"frm_form_fields \">\n<fieldset>\n<legend class=\"frm_hidden\">Se d\u00e9sabonner de la newsletter <\/legend>\r\n\r\n<div class=\"frm_fields_container\">\n<input type=\"hidden\" name=\"frm_action\" value=\"create\" \/>\n<input type=\"hidden\" name=\"form_id\" value=\"5\" \/>\n<input type=\"hidden\" name=\"frm_hide_fields_5\" id=\"frm_hide_fields_5\" value=\"\" \/>\n<input type=\"hidden\" name=\"form_key\" value=\"tcn0b2\" \/>\n<input type=\"hidden\" name=\"item_meta[0]\" value=\"\" \/>\n<input type=\"hidden\" id=\"frm_submit_entry_5\" name=\"frm_submit_entry_5\" value=\"a8af42ab82\" \/><input type=\"hidden\" name=\"_wp_http_referer\" value=\"\/fr\/wp-json\/wp\/v2\/pages\/743\" \/><div id=\"frm_field_37_container\" class=\"frm_form_field form-field  frm_required_field frm_left_container\">\r\n    <label for=\"field_u1a702\" class=\"frm_primary_label\">E-mail\r\n        <span class=\"frm_required\">*<\/span>\r\n    <\/label>\r\n    <input type=\"email\" id=\"field_u1a702\" name=\"item_meta[37]\" value=\"\"  data-reqmsg=\"Ce champ doit \u00eatre rempli.\" aria-required=\"true\" data-invmsg=\"l&#039;e-mail n&#039;est pas valide \" tabindex=\"10\" aria-invalid=\"false\"  \/>\r\n    \r\n    \r\n<\/div>\n\t\t<input  type=\"hidden\" name=\"item_meta[38]\" id=\"field_pai1w\" value=\"fr\"  data-frmval=\"fr\"   \/>\n\t\t<div id=\"frm_field_615_container\" class=\"frm_form_field form-field  frm_left_container\">\r\n    <label for=\"g-recaptcha-response\" id=\"field_15c5s_label\" class=\"frm_primary_label\">\r\n        <span class=\"frm_required\"><\/span>\r\n    <\/label>\r\n    <div  id=\"field_15c5s\" class=\"frm-g-recaptcha\" data-sitekey=\"6Lcl3ssqAAAAAGA7D5dtsehN8NMTN6Uov3vqF23L\" data-size=\"invisible\" data-theme=\"light\"><\/div>\r\n    \r\n    \r\n<\/div>\n<div id=\"frm_field_1002_container\" class=\"frm_form_field form-field \">\n\t<div class=\"frm_submit\">\r\n\r\n<button class=\"frm_button_submit frm_final_submit\" type=\"submit\"   formnovalidate=\"formnovalidate\"  tabindex=\"2\">Abmelden<\/button>\r\n\r\n<\/div>\n<\/div>\n\t<input type=\"hidden\" name=\"item_key\" value=\"\" \/>\n\t\t\t<div id=\"frm_field_1011_container\">\n\t\t\t<label for=\"field_585dr\" >\n\t\t\t\tSi vous \u00eates un humain, ne remplissez pas ce champ.\t\t\t<\/label>\n\t\t\t<input  id=\"field_585dr\" type=\"text\" class=\"frm_form_field form-field frm_verify\" name=\"item_meta[1011]\" value=\"\"  \/>\n\t\t<\/div>\n\t\t<input name=\"frm_state\" type=\"hidden\" value=\"rf6TVoS9T7Lb2kpTWGmLGfEJrDUSd5Pt1t7KUUQtnTUwqIiR2vws208KrghmoMps\" \/><\/div>\n<\/fieldset>\n<\/div>\n\n<\/form>\n<\/div>\n","protected":false},"excerpt":{"rendered":"<p>S&rsquo;inscrire \u00e0 la newsletter Remplissez le formulaire d&rsquo;inscription pour recevoir la newsletter gratuite de Retina Suisse. Toutes les informations seront gard\u00e9es strictement confidentielles. Se d\u00e9sinscrire de&nbsp;la newsletter Vous pouvez vous d\u00e9sinscrire \u00e0 tout moment en utilisant&nbsp;le lien qui figure \u00e0 la fin de chaque E-mail.<\/p>\n","protected":false},"author":1,"featured_media":0,"parent":932,"menu_order":15,"comment_status":"closed","ping_status":"closed","template":"","meta":{"_acf_changed":false,"inline_featured_image":false,"_FSMCFIC_featured_image_caption":"","_FSMCFIC_featured_image_nocaption":"","_FSMCFIC_featured_image_hide":"","footnotes":"","_links_to":"","_links_to_target":""},"class_list":["post-743","page","type-page","status-publish","hentry"],"acf":[],"yoast_head":"<!-- This site is optimized with the Yoast SEO plugin v27.1.1 - https:\/\/yoast.com\/product\/yoast-seo-wordpress\/ -->\n<title>Newsletter &#8226; Retina Suisse<\/title>\n<meta name=\"robots\" content=\"index, follow, max-snippet:-1, max-image-preview:large, max-video-preview:-1\" \/>\n<link rel=\"canonical\" href=\"https:\/\/retina.ch\/fr\/contact\/newsletter\/\" \/>\n<meta property=\"og:locale\" content=\"fr_FR\" \/>\n<meta property=\"og:type\" content=\"article\" \/>\n<meta property=\"og:title\" content=\"Newsletter &#8226; Retina Suisse\" \/>\n<meta property=\"og:description\" content=\"S&rsquo;inscrire \u00e0 la newsletter Remplissez le formulaire d&rsquo;inscription pour recevoir la newsletter gratuite de Retina Suisse. Toutes les informations seront gard\u00e9es strictement confidentielles. Se d\u00e9sinscrire de&nbsp;la newsletter Vous pouvez vous d\u00e9sinscrire \u00e0 tout moment en utilisant&nbsp;le lien qui figure \u00e0 la fin de chaque E-mail.\" \/>\n<meta property=\"og:url\" content=\"https:\/\/retina.ch\/fr\/contact\/newsletter\/\" \/>\n<meta property=\"og:site_name\" content=\"Retina Suisse\" \/>\n<meta property=\"article:publisher\" content=\"https:\/\/www.facebook.com\/retinasuisse\/\" \/>\n<meta property=\"article:modified_time\" content=\"2025-03-19T12:38:54+00:00\" \/>\n<meta name=\"twitter:card\" content=\"summary_large_image\" \/>\n<meta name=\"twitter:label1\" content=\"Dur\u00e9e de lecture estim\u00e9e\" \/>\n\t<meta name=\"twitter:data1\" content=\"1 minute\" \/>\n<script type=\"application\/ld+json\" class=\"yoast-schema-graph\">{\"@context\":\"https:\/\/schema.org\",\"@graph\":[{\"@type\":\"WebPage\",\"@id\":\"https:\/\/retina.ch\/fr\/contact\/newsletter\/\",\"url\":\"https:\/\/retina.ch\/fr\/contact\/newsletter\/\",\"name\":\"Newsletter &#8226; Retina Suisse\",\"isPartOf\":{\"@id\":\"https:\/\/retina.ch\/fr\/#website\"},\"datePublished\":\"2020-09-19T17:27:04+00:00\",\"dateModified\":\"2025-03-19T12:38:54+00:00\",\"breadcrumb\":{\"@id\":\"https:\/\/retina.ch\/fr\/contact\/newsletter\/#breadcrumb\"},\"inLanguage\":\"fr-FR\",\"potentialAction\":[{\"@type\":\"ReadAction\",\"target\":[\"https:\/\/retina.ch\/fr\/contact\/newsletter\/\"]}]},{\"@type\":\"BreadcrumbList\",\"@id\":\"https:\/\/retina.ch\/fr\/contact\/newsletter\/#breadcrumb\",\"itemListElement\":[{\"@type\":\"ListItem\",\"position\":1,\"name\":\"Retina Suisse\",\"item\":\"https:\/\/retina.ch\/fr\/\"},{\"@type\":\"ListItem\",\"position\":2,\"name\":\"Contact\",\"item\":\"https:\/\/retina.ch\/fr\/contact\/\"},{\"@type\":\"ListItem\",\"position\":3,\"name\":\"Newsletter\"}]},{\"@type\":\"WebSite\",\"@id\":\"https:\/\/retina.ch\/fr\/#website\",\"url\":\"https:\/\/retina.ch\/fr\/\",\"name\":\"Retina Suisse\",\"description\":\"Retina Suisse ist die Vereinigung von Patientinnen und Patienten mit Retinitis pigmentosa (RP), Makuladegeneration, Usher-Syndrom und anderen Erkrankungen des Augenhintergrundes.\",\"publisher\":{\"@id\":\"https:\/\/retina.ch\/fr\/#organization\"},\"potentialAction\":[{\"@type\":\"SearchAction\",\"target\":{\"@type\":\"EntryPoint\",\"urlTemplate\":\"https:\/\/retina.ch\/fr\/?s={search_term_string}\"},\"query-input\":{\"@type\":\"PropertyValueSpecification\",\"valueRequired\":true,\"valueName\":\"search_term_string\"}}],\"inLanguage\":\"fr-FR\"},{\"@type\":\"Organization\",\"@id\":\"https:\/\/retina.ch\/fr\/#organization\",\"name\":\"Retina Suisse\",\"url\":\"https:\/\/retina.ch\/fr\/\",\"logo\":{\"@type\":\"ImageObject\",\"inLanguage\":\"fr-FR\",\"@id\":\"https:\/\/retina.ch\/fr\/#\/schema\/logo\/image\/\",\"url\":\"https:\/\/retina.ch\/wp-content\/uploads\/2020\/09\/retina-auge-typo.svg\",\"contentUrl\":\"https:\/\/retina.ch\/wp-content\/uploads\/2020\/09\/retina-auge-typo.svg\",\"width\":\"1024\",\"height\":\"1024\",\"caption\":\"Retina Suisse\"},\"image\":{\"@id\":\"https:\/\/retina.ch\/fr\/#\/schema\/logo\/image\/\"},\"sameAs\":[\"https:\/\/www.facebook.com\/retinasuisse\/\"]}]}<\/script>\n<!-- \/ Yoast SEO plugin. -->","yoast_head_json":{"title":"Newsletter &#8226; Retina Suisse","robots":{"index":"index","follow":"follow","max-snippet":"max-snippet:-1","max-image-preview":"max-image-preview:large","max-video-preview":"max-video-preview:-1"},"canonical":"https:\/\/retina.ch\/fr\/contact\/newsletter\/","og_locale":"fr_FR","og_type":"article","og_title":"Newsletter &#8226; Retina Suisse","og_description":"S&rsquo;inscrire \u00e0 la newsletter Remplissez le formulaire d&rsquo;inscription pour recevoir la newsletter gratuite de Retina Suisse. Toutes les informations seront gard\u00e9es strictement confidentielles. Se d\u00e9sinscrire de&nbsp;la newsletter Vous pouvez vous d\u00e9sinscrire \u00e0 tout moment en utilisant&nbsp;le lien qui figure \u00e0 la fin de chaque E-mail.","og_url":"https:\/\/retina.ch\/fr\/contact\/newsletter\/","og_site_name":"Retina Suisse","article_publisher":"https:\/\/www.facebook.com\/retinasuisse\/","article_modified_time":"2025-03-19T12:38:54+00:00","twitter_card":"summary_large_image","twitter_misc":{"Dur\u00e9e de lecture estim\u00e9e":"1 minute"},"schema":{"@context":"https:\/\/schema.org","@graph":[{"@type":"WebPage","@id":"https:\/\/retina.ch\/fr\/contact\/newsletter\/","url":"https:\/\/retina.ch\/fr\/contact\/newsletter\/","name":"Newsletter &#8226; Retina Suisse","isPartOf":{"@id":"https:\/\/retina.ch\/fr\/#website"},"datePublished":"2020-09-19T17:27:04+00:00","dateModified":"2025-03-19T12:38:54+00:00","breadcrumb":{"@id":"https:\/\/retina.ch\/fr\/contact\/newsletter\/#breadcrumb"},"inLanguage":"fr-FR","potentialAction":[{"@type":"ReadAction","target":["https:\/\/retina.ch\/fr\/contact\/newsletter\/"]}]},{"@type":"BreadcrumbList","@id":"https:\/\/retina.ch\/fr\/contact\/newsletter\/#breadcrumb","itemListElement":[{"@type":"ListItem","position":1,"name":"Retina Suisse","item":"https:\/\/retina.ch\/fr\/"},{"@type":"ListItem","position":2,"name":"Contact","item":"https:\/\/retina.ch\/fr\/contact\/"},{"@type":"ListItem","position":3,"name":"Newsletter"}]},{"@type":"WebSite","@id":"https:\/\/retina.ch\/fr\/#website","url":"https:\/\/retina.ch\/fr\/","name":"Retina Suisse","description":"Retina Suisse ist die Vereinigung von Patientinnen und Patienten mit Retinitis pigmentosa (RP), Makuladegeneration, Usher-Syndrom und anderen Erkrankungen des Augenhintergrundes.","publisher":{"@id":"https:\/\/retina.ch\/fr\/#organization"},"potentialAction":[{"@type":"SearchAction","target":{"@type":"EntryPoint","urlTemplate":"https:\/\/retina.ch\/fr\/?s={search_term_string}"},"query-input":{"@type":"PropertyValueSpecification","valueRequired":true,"valueName":"search_term_string"}}],"inLanguage":"fr-FR"},{"@type":"Organization","@id":"https:\/\/retina.ch\/fr\/#organization","name":"Retina Suisse","url":"https:\/\/retina.ch\/fr\/","logo":{"@type":"ImageObject","inLanguage":"fr-FR","@id":"https:\/\/retina.ch\/fr\/#\/schema\/logo\/image\/","url":"https:\/\/retina.ch\/wp-content\/uploads\/2020\/09\/retina-auge-typo.svg","contentUrl":"https:\/\/retina.ch\/wp-content\/uploads\/2020\/09\/retina-auge-typo.svg","width":"1024","height":"1024","caption":"Retina Suisse"},"image":{"@id":"https:\/\/retina.ch\/fr\/#\/schema\/logo\/image\/"},"sameAs":["https:\/\/www.facebook.com\/retinasuisse\/"]}]}},"_links":{"self":[{"href":"https:\/\/retina.ch\/fr\/wp-json\/wp\/v2\/pages\/743","targetHints":{"allow":["GET"]}}],"collection":[{"href":"https:\/\/retina.ch\/fr\/wp-json\/wp\/v2\/pages"}],"about":[{"href":"https:\/\/retina.ch\/fr\/wp-json\/wp\/v2\/types\/page"}],"author":[{"embeddable":true,"href":"https:\/\/retina.ch\/fr\/wp-json\/wp\/v2\/users\/1"}],"replies":[{"embeddable":true,"href":"https:\/\/retina.ch\/fr\/wp-json\/wp\/v2\/comments?post=743"}],"version-history":[{"count":1,"href":"https:\/\/retina.ch\/fr\/wp-json\/wp\/v2\/pages\/743\/revisions"}],"predecessor-version":[{"id":10628,"href":"https:\/\/retina.ch\/fr\/wp-json\/wp\/v2\/pages\/743\/revisions\/10628"}],"up":[{"embeddable":true,"href":"https:\/\/retina.ch\/fr\/wp-json\/wp\/v2\/pages\/932"}],"wp:attachment":[{"href":"https:\/\/retina.ch\/fr\/wp-json\/wp\/v2\/media?parent=743"}],"curies":[{"name":"wp","href":"https:\/\/api.w.org\/{rel}","templated":true}]}}