{"id":2861,"date":"2020-09-19T19:22:08","date_gmt":"2020-09-19T17:22:08","guid":{"rendered":"https:\/\/dev.retina.ch\/?page_id=2861"},"modified":"2024-06-11T12:12:16","modified_gmt":"2024-06-11T10:12:16","slug":"per-i-professionisti","status":"publish","type":"page","link":"https:\/\/retina.ch\/it\/prestazioni-e-servizi\/per-i-professionisti\/","title":{"rendered":"Area personale specializzato"},"content":{"rendered":"\n<h2 class=\"wp-block-heading\">Risorse chiave<\/h2>\n\n\n\n<ul class=\"wp-block-list\">\n<li><a href=\"https:\/\/retina.ch\/wp-content\/uploads\/2024\/06\/augenaerztliches-zeugnis-it-retina-suisse-2024.pdf\">Modulo oftalmologico per l&#8217;invio di pazienti a Retina Suisse<\/a> (da compilare elettronicamente e inviare a <a href=\"mailto:info@retina.ch\">info@retina.ch<\/a>)<\/li>\n<\/ul>\n\n\n\n<h3 class=\"wp-block-heading\">Consulenza genetica<\/h3>\n\n\n\n<p>La diagnosi genetica molecolare sostiene la diagnosi clinica, pu\u00f2 determinare l\u2019ereditariet\u00e0 e quindi valutare il rischio della malattia nei parenti. Il chiarimento genetico pu\u00f2 anche avere conseguenze terapeutiche per alcuni pazienti.<\/p>\n\n\n\n<ul class=\"wp-block-list\">\n<li><a href=\"https:\/\/www.augenheilkunde.insel.ch\/fileadmin\/Augenheilkunde\/Dokumente\/PDF_3_Ital.pdf\">Informazione e consenso informato per pazienti<\/a><\/li>\n\n\n\n<li><a href=\"https:\/\/www.augenheilkunde.insel.ch\/fileadmin\/Augenheilkunde\/Dokumente\/PDF_1_Deutsch.pdf\">Informationen und Einverst\u00e4ndniserkl\u00e4rung f\u00fcr Patient\/innen<\/a><\/li>\n\n\n\n<li><a href=\"https:\/\/www.augenheilkunde.insel.ch\/fileadmin\/Augenheilkunde\/Dokumente\/PDF_2_Franz.pdf\">Informations et consentement \u00e9clair\u00e9 pour les patients et les patientes<\/a><\/li>\n\n\n\n<li><a href=\"https:\/\/www.augenheilkunde.insel.ch\/fileadmin\/Augenheilkunde\/Dokumente\/PDF_4_Englisch.pdf\">Information and informed choice for patients<\/a><\/li>\n<\/ul>\n\n\n\n<ul class=\"wp-block-list\">\n<li><a href=\"https:\/\/retina.ch\/wp-content\/uploads\/2021\/05\/need-for-genetic-testing-ern-eye-position-statement-black-et-al-2021-orphanet-journal-of-rare-diseases.pdf\" target=\"_blank\" rel=\"noreferrer noopener\">The need for widely available genomic testing in rare eye diseases: an ERN-EYE position statement<\/a> (2021)<\/li>\n<\/ul>\n\n\n\n<h3 class=\"wp-block-heading\"><strong>Assegno per grandi invalidi<\/strong><\/h3>\n\n\n\n<p>Diritto all&#8217;assegno per gli ipovedenti e i non vedenti per l&#8217;impotenza di grado lieve<\/p>\n\n\n\n<p>&#8211; <a href=\"https:\/\/retina.ch\/wp-content\/uploads\/2020\/11\/hiv-sehbehinderte-i-172020.pdf\" target=\"_blank\" rel=\"noreferrer noopener\">Estratto della circolare sull\u2019invalidit\u00e0 e la grande invalidit\u00e0 nell\u2019assicurazione per l\u2019invalidit\u00e0<\/a> (CIGI), valida dal 1\u00b0 gennaio 2015<\/p>\n\n\n\n<hr class=\"wp-block-separator has-alpha-channel-opacity\"\/>\n\n\n\n<h2 class=\"wp-block-heading\">Come Retina Suisse sostiene voi e i vostri pazienti<\/h2>\n\n\n\n<p>Per stabilire un contatto visivo con il suo ambiente, la persona con una degenerazione retinica ha bisogno di condizioni di luce ideali, di uns precisa tecnica visiva e dell&#8217;attegggiamento riguardoso del prossimo. Sono perci\u00f2 necessari mezzi ausiliari, istruzione e allenamento, informazioni specifiche e consulenza &#8211; per la persona stessa e per i suoi congiunti e amici. Le possibilit\u00e0 di cura per le degenerazioni retiniche sono ancora limitate allora \u00e8 importante trovare il modo di gestire al meglio la vita con una malattia degenerativa della retina.<\/p>\n\n\n\n<p>I nostri <a href=\"\/it?page_id=21\">consultori<\/a> informano sulle cause e ripercussioni, sulla ricerca scientifica e le possibilit\u00e0 di cura delle degenerazioni retiniche e consigliano le persone affette, i loro congiunti e amici. <a href=\"https:\/\/retina.ch\/it\/consultazioni\/\">Procurano misure di<\/a> riabilitazione e di sostegno, in particolare orientamento &amp; mobilit\u00e0, riconversione professionale, attivit\u00e0 della vita quotidiana, low vision, consulenza psicologica, mezzi ausiliari e altro ancora. Sensibilizzano l&#8217;opinione pubblica, i medici, le cerchie specializzate e quanti si interessano delle tematiche connesse con le malattie degenerative della retina. <a href=\"https:\/\/retina.ch\/it\/consultazioni\/gruppi-di-parola-rp\/\">Organizzano gruppi di parola<\/a>, nonch\u00e9 corsi per le persone affette da degenerazioni maculari.<\/p>\n\n\n\n<h3 class=\"wp-block-heading\"><strong>Siamo lieti di sostenere anche voi e i vostri pazienti<\/strong><\/h3>\n\n\n\n<p>Se vengono indirizzati tempestivamente al nostro centro di consulenza di Zurigo o Losanna, possiamo aiutare i pazienti ad elaborare la diagnosi e, grazie ai mezzi ausiliari e le misure di riabilitazione, evitare che in molti casi perdano il loro posto di lavoro.<\/p>\n\n\n\n<p>Saremo lieti di fornirvi gratuitamente <strong><a href=\"https:\/\/retina.ch\/it\/offerte\/ordinare-materiale-informativo\/\">i nostri opuscoli informativi<\/a> <\/strong>su DMLE, Retinite pigmentosa, sindrome di Usher e altre malattie della retina.<\/p>\n\n\n\n<p>Nel <a href=\"https:\/\/retina.ch\/it\/retina-journal\/\"><strong>Retina Journal<\/strong><\/a>, che viene pubblicato tre volte all&#8217;anno, informiamo i nostri membri sui nuovi sviluppi della ricerca, sui nuovi mezzi ausiliari e offriamo una piattaforma per le esperienze delle persone ipovedenti. Contattateci per saperne di pi\u00f9 sul nostro Retina Journal e sui nostri servizi specialmente elaborati per gli studi medici.<\/p>\n","protected":false},"excerpt":{"rendered":"<p>Risorse chiave Consulenza genetica La diagnosi genetica molecolare sostiene la diagnosi clinica, pu\u00f2 determinare l\u2019ereditariet\u00e0 e quindi valutare il rischio della malattia nei parenti. Il chiarimento genetico pu\u00f2 anche avere conseguenze terapeutiche per alcuni pazienti. Assegno per grandi invalidi Diritto all&#8217;assegno per gli ipovedenti e i non vedenti per l&#8217;impotenza di grado lieve &#8211; Estratto &#8230;<\/p>\n","protected":false},"author":1,"featured_media":0,"parent":2852,"menu_order":35,"comment_status":"closed","ping_status":"closed","template":"","meta":{"_acf_changed":false,"inline_featured_image":false,"_FSMCFIC_featured_image_caption":"","_FSMCFIC_featured_image_nocaption":"","_FSMCFIC_featured_image_hide":"","footnotes":"","_links_to":"","_links_to_target":""},"class_list":["post-2861","page","type-page","status-publish","hentry"],"acf":[],"yoast_head":"<!-- This site is optimized with the Yoast SEO plugin v27.1.1 - https:\/\/yoast.com\/product\/yoast-seo-wordpress\/ -->\n<title>Area personale specializzato &#8226; Retina Suisse<\/title>\n<meta name=\"robots\" content=\"index, follow, max-snippet:-1, max-image-preview:large, max-video-preview:-1\" \/>\n<link rel=\"canonical\" href=\"https:\/\/retina.ch\/it\/prestazioni-e-servizi\/per-i-professionisti\/\" \/>\n<meta property=\"og:locale\" content=\"it_IT\" \/>\n<meta property=\"og:type\" content=\"article\" \/>\n<meta property=\"og:title\" content=\"Area personale specializzato &#8226; Retina Suisse\" \/>\n<meta property=\"og:description\" content=\"Risorse chiave Consulenza genetica La diagnosi genetica molecolare sostiene la diagnosi clinica, pu\u00f2 determinare l\u2019ereditariet\u00e0 e quindi valutare il rischio della malattia nei parenti. Il chiarimento genetico pu\u00f2 anche avere conseguenze terapeutiche per alcuni pazienti. Assegno per grandi invalidi Diritto all&#8217;assegno per gli ipovedenti e i non vedenti per l&#8217;impotenza di grado lieve &#8211; Estratto ...\" \/>\n<meta property=\"og:url\" content=\"https:\/\/retina.ch\/it\/prestazioni-e-servizi\/per-i-professionisti\/\" \/>\n<meta property=\"og:site_name\" content=\"Retina Suisse\" \/>\n<meta property=\"article:publisher\" content=\"https:\/\/www.facebook.com\/retinasuisse\/\" \/>\n<meta property=\"article:modified_time\" content=\"2024-06-11T10:12:16+00:00\" \/>\n<meta name=\"twitter:card\" content=\"summary_large_image\" \/>\n<meta name=\"twitter:label1\" content=\"Tempo di lettura stimato\" \/>\n\t<meta name=\"twitter:data1\" content=\"3 minuti\" \/>\n<script type=\"application\/ld+json\" class=\"yoast-schema-graph\">{\"@context\":\"https:\/\/schema.org\",\"@graph\":[{\"@type\":\"WebPage\",\"@id\":\"https:\/\/retina.ch\/it\/prestazioni-e-servizi\/per-i-professionisti\/\",\"url\":\"https:\/\/retina.ch\/it\/prestazioni-e-servizi\/per-i-professionisti\/\",\"name\":\"Area personale specializzato &#8226; Retina Suisse\",\"isPartOf\":{\"@id\":\"https:\/\/retina.ch\/it\/#website\"},\"datePublished\":\"2020-09-19T17:22:08+00:00\",\"dateModified\":\"2024-06-11T10:12:16+00:00\",\"breadcrumb\":{\"@id\":\"https:\/\/retina.ch\/it\/prestazioni-e-servizi\/per-i-professionisti\/#breadcrumb\"},\"inLanguage\":\"it-IT\",\"potentialAction\":[{\"@type\":\"ReadAction\",\"target\":[\"https:\/\/retina.ch\/it\/prestazioni-e-servizi\/per-i-professionisti\/\"]}]},{\"@type\":\"BreadcrumbList\",\"@id\":\"https:\/\/retina.ch\/it\/prestazioni-e-servizi\/per-i-professionisti\/#breadcrumb\",\"itemListElement\":[{\"@type\":\"ListItem\",\"position\":1,\"name\":\"Retina Suisse\",\"item\":\"https:\/\/retina.ch\/it\/\"},{\"@type\":\"ListItem\",\"position\":2,\"name\":\"Prestazioni e servizi\",\"item\":\"https:\/\/retina.ch\/it\/prestazioni-e-servizi\/\"},{\"@type\":\"ListItem\",\"position\":3,\"name\":\"Area personale specializzato\"}]},{\"@type\":\"WebSite\",\"@id\":\"https:\/\/retina.ch\/it\/#website\",\"url\":\"https:\/\/retina.ch\/it\/\",\"name\":\"Retina Suisse\",\"description\":\"Retina Suisse ist die Vereinigung von Patientinnen und Patienten mit Retinitis pigmentosa (RP), Makuladegeneration, Usher-Syndrom und anderen Erkrankungen des Augenhintergrundes.\",\"publisher\":{\"@id\":\"https:\/\/retina.ch\/it\/#organization\"},\"potentialAction\":[{\"@type\":\"SearchAction\",\"target\":{\"@type\":\"EntryPoint\",\"urlTemplate\":\"https:\/\/retina.ch\/it\/?s={search_term_string}\"},\"query-input\":{\"@type\":\"PropertyValueSpecification\",\"valueRequired\":true,\"valueName\":\"search_term_string\"}}],\"inLanguage\":\"it-IT\"},{\"@type\":\"Organization\",\"@id\":\"https:\/\/retina.ch\/it\/#organization\",\"name\":\"Retina Suisse\",\"url\":\"https:\/\/retina.ch\/it\/\",\"logo\":{\"@type\":\"ImageObject\",\"inLanguage\":\"it-IT\",\"@id\":\"https:\/\/retina.ch\/it\/#\/schema\/logo\/image\/\",\"url\":\"https:\/\/retina.ch\/wp-content\/uploads\/2020\/09\/retina-auge-typo.svg\",\"contentUrl\":\"https:\/\/retina.ch\/wp-content\/uploads\/2020\/09\/retina-auge-typo.svg\",\"width\":\"1024\",\"height\":\"1024\",\"caption\":\"Retina Suisse\"},\"image\":{\"@id\":\"https:\/\/retina.ch\/it\/#\/schema\/logo\/image\/\"},\"sameAs\":[\"https:\/\/www.facebook.com\/retinasuisse\/\"]}]}<\/script>\n<!-- \/ Yoast SEO plugin. -->","yoast_head_json":{"title":"Area personale specializzato &#8226; Retina Suisse","robots":{"index":"index","follow":"follow","max-snippet":"max-snippet:-1","max-image-preview":"max-image-preview:large","max-video-preview":"max-video-preview:-1"},"canonical":"https:\/\/retina.ch\/it\/prestazioni-e-servizi\/per-i-professionisti\/","og_locale":"it_IT","og_type":"article","og_title":"Area personale specializzato &#8226; Retina Suisse","og_description":"Risorse chiave Consulenza genetica La diagnosi genetica molecolare sostiene la diagnosi clinica, pu\u00f2 determinare l\u2019ereditariet\u00e0 e quindi valutare il rischio della malattia nei parenti. Il chiarimento genetico pu\u00f2 anche avere conseguenze terapeutiche per alcuni pazienti. Assegno per grandi invalidi Diritto all&#8217;assegno per gli ipovedenti e i non vedenti per l&#8217;impotenza di grado lieve &#8211; Estratto ...","og_url":"https:\/\/retina.ch\/it\/prestazioni-e-servizi\/per-i-professionisti\/","og_site_name":"Retina Suisse","article_publisher":"https:\/\/www.facebook.com\/retinasuisse\/","article_modified_time":"2024-06-11T10:12:16+00:00","twitter_card":"summary_large_image","twitter_misc":{"Tempo di lettura stimato":"3 minuti"},"schema":{"@context":"https:\/\/schema.org","@graph":[{"@type":"WebPage","@id":"https:\/\/retina.ch\/it\/prestazioni-e-servizi\/per-i-professionisti\/","url":"https:\/\/retina.ch\/it\/prestazioni-e-servizi\/per-i-professionisti\/","name":"Area personale specializzato &#8226; Retina Suisse","isPartOf":{"@id":"https:\/\/retina.ch\/it\/#website"},"datePublished":"2020-09-19T17:22:08+00:00","dateModified":"2024-06-11T10:12:16+00:00","breadcrumb":{"@id":"https:\/\/retina.ch\/it\/prestazioni-e-servizi\/per-i-professionisti\/#breadcrumb"},"inLanguage":"it-IT","potentialAction":[{"@type":"ReadAction","target":["https:\/\/retina.ch\/it\/prestazioni-e-servizi\/per-i-professionisti\/"]}]},{"@type":"BreadcrumbList","@id":"https:\/\/retina.ch\/it\/prestazioni-e-servizi\/per-i-professionisti\/#breadcrumb","itemListElement":[{"@type":"ListItem","position":1,"name":"Retina Suisse","item":"https:\/\/retina.ch\/it\/"},{"@type":"ListItem","position":2,"name":"Prestazioni e servizi","item":"https:\/\/retina.ch\/it\/prestazioni-e-servizi\/"},{"@type":"ListItem","position":3,"name":"Area personale specializzato"}]},{"@type":"WebSite","@id":"https:\/\/retina.ch\/it\/#website","url":"https:\/\/retina.ch\/it\/","name":"Retina Suisse","description":"Retina Suisse ist die Vereinigung von Patientinnen und Patienten mit Retinitis pigmentosa (RP), Makuladegeneration, Usher-Syndrom und anderen Erkrankungen des Augenhintergrundes.","publisher":{"@id":"https:\/\/retina.ch\/it\/#organization"},"potentialAction":[{"@type":"SearchAction","target":{"@type":"EntryPoint","urlTemplate":"https:\/\/retina.ch\/it\/?s={search_term_string}"},"query-input":{"@type":"PropertyValueSpecification","valueRequired":true,"valueName":"search_term_string"}}],"inLanguage":"it-IT"},{"@type":"Organization","@id":"https:\/\/retina.ch\/it\/#organization","name":"Retina Suisse","url":"https:\/\/retina.ch\/it\/","logo":{"@type":"ImageObject","inLanguage":"it-IT","@id":"https:\/\/retina.ch\/it\/#\/schema\/logo\/image\/","url":"https:\/\/retina.ch\/wp-content\/uploads\/2020\/09\/retina-auge-typo.svg","contentUrl":"https:\/\/retina.ch\/wp-content\/uploads\/2020\/09\/retina-auge-typo.svg","width":"1024","height":"1024","caption":"Retina Suisse"},"image":{"@id":"https:\/\/retina.ch\/it\/#\/schema\/logo\/image\/"},"sameAs":["https:\/\/www.facebook.com\/retinasuisse\/"]}]}},"_links":{"self":[{"href":"https:\/\/retina.ch\/it\/wp-json\/wp\/v2\/pages\/2861","targetHints":{"allow":["GET"]}}],"collection":[{"href":"https:\/\/retina.ch\/it\/wp-json\/wp\/v2\/pages"}],"about":[{"href":"https:\/\/retina.ch\/it\/wp-json\/wp\/v2\/types\/page"}],"author":[{"embeddable":true,"href":"https:\/\/retina.ch\/it\/wp-json\/wp\/v2\/users\/1"}],"replies":[{"embeddable":true,"href":"https:\/\/retina.ch\/it\/wp-json\/wp\/v2\/comments?post=2861"}],"version-history":[{"count":5,"href":"https:\/\/retina.ch\/it\/wp-json\/wp\/v2\/pages\/2861\/revisions"}],"predecessor-version":[{"id":17280,"href":"https:\/\/retina.ch\/it\/wp-json\/wp\/v2\/pages\/2861\/revisions\/17280"}],"up":[{"embeddable":true,"href":"https:\/\/retina.ch\/it\/wp-json\/wp\/v2\/pages\/2852"}],"wp:attachment":[{"href":"https:\/\/retina.ch\/it\/wp-json\/wp\/v2\/media?parent=2861"}],"curies":[{"name":"wp","href":"https:\/\/api.w.org\/{rel}","templated":true}]}}