{"id":2877,"date":"2020-09-19T19:23:07","date_gmt":"2020-09-19T17:23:07","guid":{"rendered":"https:\/\/dev.retina.ch\/?page_id=2877"},"modified":"2025-03-19T15:28:26","modified_gmt":"2025-03-19T14:28:26","slug":"registro-dei-pazienti","status":"publish","type":"page","link":"https:\/\/retina.ch\/it\/ricerca\/registro-dei-pazienti\/","title":{"rendered":"Registro dei pazienti"},"content":{"rendered":"\n<p>Retina Suisse sostiene da anni l\u2019allestimento d\u2019un registro dei pazienti. Il responsabile, Pascal Escher, professore di oftalmogenetica, che prima lo gestiva presso la Clinica oculistica universitaria Jules-Gonin di Losanna, ora l&#8217;ha trasferito all&#8217;Inselspital di Berna. La diagnosi genetica e il relativo registro dei pazienti sono tra le misure fondamentali del programma di finanziamento della ricerca di Retina Suisse. I pazienti che vivono in Svizzera con malattie oculari ereditarie devono ricevere una diagnosi precisa attraverso l&#8217;analisi genetica e devono poter accedere facilmente al registro dei pazienti con malattie oculari edreditarie.<\/p>\n\n\n\n<h3 class=\"wp-block-heading\"><strong>Un registro nazionale delle malattie rare degli occhi: quali sono i vantaggi per le e i pazienti?<\/strong><\/h3>\n\n\n\n<p>\u00abRetinite pigmentosa\u00bb \u00e8 una diagnosi che abbraccia tutto un gruppo di degenerazioni ereditarie della retina, ma che non d\u00e0 indicazioni specifiche sul decorso o sulle modalit\u00e0 di trasmissione. Per saperne di pi\u00f9 \u00e8 necessaria un\u2019analisi genetica. Le moderne tecniche permettono di diagnosticare la maggior parte delle varianti genetiche e quindi di fornire alle persone una diagnosi precisa.<\/p>\n\n\n\n<p>Il registro ha lo scopo di rilevare le malattie rare degli occhi presenti in Svizzera. Finora non esiste nessuna raccolta centralizzata di dati sul numero di persone affette da una determinata malattia o mutazione genetica. Il registro potrebbe stimolare la ricerca in tal senso in Svizzera.<\/p>\n\n\n\n<p>Appena Retina Suisse sar\u00e0 a conoscenza di un progetto di ricerca clinica potr\u00e0 informare le persone iscritte nel registro. Lo stesso varr\u00e0 beninteso appena ci saranno delle terapie per le diverse malattie.<\/p>\n\n\n\n<h3 class=\"wp-block-heading\"><strong>L\u2019iscrizione dei risultati di un\u2019analisi genetica nel registro dei pazienti<\/strong><\/h3>\n\n\n\n<p>In Svizzera sono diversi gli ospedali e i laboratori che fanno analisi genetiche. La\/il paziente pu\u00f2 chiederne una alla\/al sua\/suo oculista che l&#8217;ha in cura. Per procedere ci vuole inoltre una garanzia d&#8217;assunzione dei costi da parte della cassa malati. La\/il paziente deve firmare una dichiarazione di consenso e chiedere che i risultati siano iscritti nel registro dei pazienti.<\/p>\n\n\n\n<ul id=\"block-7d53c19c-8aab-4487-a7e9-cc9ecb27197e\" class=\"wp-block-list\">\n<li><a href=\"https:\/\/retina.ch\/it\/prestazioni-e-servizi\/conoscere-il-proprio-gene\/\">Conosci il tuo gene \u2013 con un analisi genetica<\/a><\/li>\n\n\n\n<li>Webinar in lingua francese \u00ab <a href=\"https:\/\/retina.ch\/fr\/agenda\/comment-obtenir-une-analyse-genetique-pour-un-diagnostic-clinique\/\">Comment obtenir une analyse g\u00e9n\u00e9tique pour un diagnostic clinique ?\u00a0<\/a>\u00bb del 09.04.2022<\/li>\n\n\n\n<li>Webinar in lingua francese \u00ab\u00a0<a href=\"https:\/\/retina.ch\/agenda\/webinaire-une-banque-de-donnees-pour-patients\/\">Une banque de donn\u00e9es pour patients ?<\/a>\u00a0\u00bb del 26.11.2020<\/li>\n\n\n\n<li>Webinar in lingua francese \u00ab\u00a0<a href=\"https:\/\/retina.ch\/agenda\/webinaire-le-genome-une-bibliotheque-constituee-de-seulement-4-lettres\/\">Le g\u00e9nome \u2013 une biblioth\u00e8que constitu\u00e9e de seulement 4 lettres<\/a>\u00a0\u00bb del 12.11.2020<\/li>\n<\/ul>\n\n\n\n<div class=\"wp-block-columns icon-block is-layout-flex wp-container-core-columns-is-layout-9d6595d7 wp-block-columns-is-layout-flex\">\n<div class=\"wp-block-column is-layout-flow wp-block-column-is-layout-flow\"><span class='maxbutton-6-container mb-container'><a class=\"maxbutton-6 maxbutton maxbutton-beratung-anmelden\" title=\"Pers\u00f6nliche Beratung Anmelden\" href=\"\/it\/consulenze\/consulenza-individuale\/\" data-maxbuttoncounter=\"{&quot;button_id&quot;:&quot;6&quot;,&quot;url&quot;:&quot;\\\/it\\\/consulenze\\\/consulenza-individuale\\\/&quot;,&quot;check&quot;:&quot;jgNMPZhW&quot;}\" data-maxbuttonpage=\"{&quot;id&quot;:2877,&quot;type&quot;:&quot;page&quot;}\"><span class=\"mb-icon\"><img loading=\"lazy\" decoding=\"async\" class=\"mb-img\" src=\"https:\/\/retina.ch\/wp-content\/uploads\/2020\/10\/icon-comments-black-400x356.png\" title=\"icon-comments-black\" width=\"400\" height=\"356\"   border=\"0\" \/><\/span><span class=\"mb-icon-hover\"><img loading=\"lazy\" decoding=\"async\" class=\"mb-img-hover\" src=\"https:\/\/retina.ch\/wp-content\/uploads\/2020\/10\/icon-comments-yellow-400x356.png\" title=\"icon-comments-black\" width=\"576\" height=\"512\"   border=\"0\" \/><\/span><span class='mb-text' >Annunciarsi per<\/span><span class=\"mb-text2\"  >Anmelden<\/span><\/a><\/span>\n<\/div>\n\n\n\n<div class=\"wp-block-column is-layout-flow wp-block-column-is-layout-flow\"><span class='maxbutton-7-container mb-container'><a class=\"maxbutton-7 maxbutton maxbutton-kontakt\" title=\"Retina Suisse Kontakt\" href=\"\/it\/contatto\/\" data-maxbuttoncounter=\"{&quot;button_id&quot;:&quot;7&quot;,&quot;url&quot;:&quot;\\\/it\\\/contatto\\\/&quot;,&quot;check&quot;:&quot;woyKa6Gg&quot;}\" data-maxbuttonpage=\"{&quot;id&quot;:2877,&quot;type&quot;:&quot;page&quot;}\"><span class=\"mb-icon\"><img loading=\"lazy\" decoding=\"async\" class=\"mb-img\" src=\"https:\/\/retina.ch\/wp-content\/uploads\/2020\/10\/icon-phone-black-400x400.png\" title=\"icon-phone-black\" width=\"400\" height=\"400\"   border=\"0\" \/><\/span><span class=\"mb-icon-hover\"><img loading=\"lazy\" decoding=\"async\" class=\"mb-img-hover\" src=\"https:\/\/retina.ch\/wp-content\/uploads\/2020\/10\/icon-phone-yellow-400x400.png\" title=\"icon-phone-black\" width=\"512\" height=\"512\"   border=\"0\" \/><\/span><span class='mb-text' >Retina Suisse<\/span><span class=\"mb-text2\"  >Kontakt<\/span><\/a><\/span>\n<\/div>\n\n\n\n<div class=\"wp-block-column is-layout-flow wp-block-column-is-layout-flow\"><span class='maxbutton-3-container mb-container'><a class=\"maxbutton-3 maxbutton maxbutton-retina-suisse-mitgliedschaft\" title=\"Retina Suisse Mitgliedschaft\" href=\"\/it\/diventa-membro\/\" data-maxbuttoncounter=\"{&quot;button_id&quot;:&quot;3&quot;,&quot;url&quot;:&quot;\\\/it\\\/diventa-membro\\\/&quot;,&quot;check&quot;:&quot;DdxeULso&quot;}\" data-maxbuttonpage=\"{&quot;id&quot;:2877,&quot;type&quot;:&quot;page&quot;}\"><span class=\"mb-icon\"><img loading=\"lazy\" decoding=\"async\" class=\"mb-img\" src=\"https:\/\/retina.ch\/wp-content\/uploads\/2020\/10\/icon-users.png\" title=\"icon-users\" width=\"640\" height=\"512\"   border=\"0\" \/><\/span><span class=\"mb-icon-hover\"><img loading=\"lazy\" decoding=\"async\" class=\"mb-img-hover\" src=\"https:\/\/retina.ch\/wp-content\/uploads\/2020\/10\/icon-users-yellow.png\" title=\"icon-users\" width=\"640\" height=\"512\"   border=\"0\" \/><\/span><span class='mb-text' >Iscrizione<\/span><span class=\"mb-text2\"  >Mitgliedschaft<\/span><\/a><\/span>\n<\/div>\n<\/div>\n","protected":false},"excerpt":{"rendered":"<p>Retina Suisse sostiene da anni l\u2019allestimento d\u2019un registro dei pazienti. Il responsabile, Pascal Escher, professore di oftalmogenetica, che prima lo gestiva presso la Clinica oculistica universitaria Jules-Gonin di Losanna, ora l&#8217;ha trasferito all&#8217;Inselspital di Berna. La diagnosi genetica e il relativo registro dei pazienti sono tra le misure fondamentali del programma di finanziamento della ricerca &#8230;<\/p>\n","protected":false},"author":1,"featured_media":0,"parent":2869,"menu_order":10,"comment_status":"closed","ping_status":"closed","template":"","meta":{"_acf_changed":false,"inline_featured_image":false,"_FSMCFIC_featured_image_caption":"","_FSMCFIC_featured_image_nocaption":"","_FSMCFIC_featured_image_hide":"","footnotes":"","_links_to":"","_links_to_target":""},"class_list":["post-2877","page","type-page","status-publish","hentry"],"acf":[],"yoast_head":"<!-- This site is optimized with the Yoast SEO plugin v27.1.1 - https:\/\/yoast.com\/product\/yoast-seo-wordpress\/ -->\n<title>Registro dei pazienti &#8226; Retina Suisse<\/title>\n<meta name=\"description\" content=\"Il registro dei pazienti \u00e8 un database protetto di persone affette da malattie rare degli occhi. Registratevi\" \/>\n<meta name=\"robots\" content=\"index, follow, max-snippet:-1, max-image-preview:large, max-video-preview:-1\" \/>\n<link rel=\"canonical\" href=\"https:\/\/retina.ch\/it\/ricerca\/registro-dei-pazienti\/\" \/>\n<meta property=\"og:locale\" content=\"it_IT\" \/>\n<meta property=\"og:type\" content=\"article\" \/>\n<meta property=\"og:title\" content=\"Registro dei pazienti &#8226; Retina Suisse\" \/>\n<meta property=\"og:description\" content=\"Il registro dei pazienti \u00e8 un database protetto di persone affette da malattie rare degli occhi. Registratevi\" \/>\n<meta property=\"og:url\" content=\"https:\/\/retina.ch\/it\/ricerca\/registro-dei-pazienti\/\" \/>\n<meta property=\"og:site_name\" content=\"Retina Suisse\" \/>\n<meta property=\"article:publisher\" content=\"https:\/\/www.facebook.com\/retinasuisse\/\" \/>\n<meta property=\"article:modified_time\" content=\"2025-03-19T14:28:26+00:00\" \/>\n<meta name=\"twitter:card\" content=\"summary_large_image\" \/>\n<meta name=\"twitter:label1\" content=\"Tempo di lettura stimato\" \/>\n\t<meta name=\"twitter:data1\" content=\"5 minuti\" \/>\n<script type=\"application\/ld+json\" class=\"yoast-schema-graph\">{\"@context\":\"https:\/\/schema.org\",\"@graph\":[{\"@type\":\"WebPage\",\"@id\":\"https:\/\/retina.ch\/it\/ricerca\/registro-dei-pazienti\/\",\"url\":\"https:\/\/retina.ch\/it\/ricerca\/registro-dei-pazienti\/\",\"name\":\"Registro dei pazienti &#8226; Retina Suisse\",\"isPartOf\":{\"@id\":\"https:\/\/retina.ch\/it\/#website\"},\"datePublished\":\"2020-09-19T17:23:07+00:00\",\"dateModified\":\"2025-03-19T14:28:26+00:00\",\"description\":\"Il registro dei pazienti \u00e8 un database protetto di persone affette da malattie rare degli occhi. Registratevi\",\"breadcrumb\":{\"@id\":\"https:\/\/retina.ch\/it\/ricerca\/registro-dei-pazienti\/#breadcrumb\"},\"inLanguage\":\"it-IT\",\"potentialAction\":[{\"@type\":\"ReadAction\",\"target\":[\"https:\/\/retina.ch\/it\/ricerca\/registro-dei-pazienti\/\"]}]},{\"@type\":\"BreadcrumbList\",\"@id\":\"https:\/\/retina.ch\/it\/ricerca\/registro-dei-pazienti\/#breadcrumb\",\"itemListElement\":[{\"@type\":\"ListItem\",\"position\":1,\"name\":\"Retina Suisse\",\"item\":\"https:\/\/retina.ch\/it\/\"},{\"@type\":\"ListItem\",\"position\":2,\"name\":\"Ricerca\",\"item\":\"https:\/\/retina.ch\/it\/ricerca\/\"},{\"@type\":\"ListItem\",\"position\":3,\"name\":\"Registro dei pazienti\"}]},{\"@type\":\"WebSite\",\"@id\":\"https:\/\/retina.ch\/it\/#website\",\"url\":\"https:\/\/retina.ch\/it\/\",\"name\":\"Retina Suisse\",\"description\":\"Retina Suisse ist die Vereinigung von Patientinnen und Patienten mit Retinitis pigmentosa (RP), Makuladegeneration, Usher-Syndrom und anderen Erkrankungen des Augenhintergrundes.\",\"publisher\":{\"@id\":\"https:\/\/retina.ch\/it\/#organization\"},\"potentialAction\":[{\"@type\":\"SearchAction\",\"target\":{\"@type\":\"EntryPoint\",\"urlTemplate\":\"https:\/\/retina.ch\/it\/?s={search_term_string}\"},\"query-input\":{\"@type\":\"PropertyValueSpecification\",\"valueRequired\":true,\"valueName\":\"search_term_string\"}}],\"inLanguage\":\"it-IT\"},{\"@type\":\"Organization\",\"@id\":\"https:\/\/retina.ch\/it\/#organization\",\"name\":\"Retina Suisse\",\"url\":\"https:\/\/retina.ch\/it\/\",\"logo\":{\"@type\":\"ImageObject\",\"inLanguage\":\"it-IT\",\"@id\":\"https:\/\/retina.ch\/it\/#\/schema\/logo\/image\/\",\"url\":\"https:\/\/retina.ch\/wp-content\/uploads\/2020\/09\/retina-auge-typo.svg\",\"contentUrl\":\"https:\/\/retina.ch\/wp-content\/uploads\/2020\/09\/retina-auge-typo.svg\",\"width\":\"1024\",\"height\":\"1024\",\"caption\":\"Retina Suisse\"},\"image\":{\"@id\":\"https:\/\/retina.ch\/it\/#\/schema\/logo\/image\/\"},\"sameAs\":[\"https:\/\/www.facebook.com\/retinasuisse\/\"]}]}<\/script>\n<!-- \/ Yoast SEO plugin. -->","yoast_head_json":{"title":"Registro dei pazienti &#8226; Retina Suisse","description":"Il registro dei pazienti \u00e8 un database protetto di persone affette da malattie rare degli occhi. Registratevi","robots":{"index":"index","follow":"follow","max-snippet":"max-snippet:-1","max-image-preview":"max-image-preview:large","max-video-preview":"max-video-preview:-1"},"canonical":"https:\/\/retina.ch\/it\/ricerca\/registro-dei-pazienti\/","og_locale":"it_IT","og_type":"article","og_title":"Registro dei pazienti &#8226; Retina Suisse","og_description":"Il registro dei pazienti \u00e8 un database protetto di persone affette da malattie rare degli occhi. Registratevi","og_url":"https:\/\/retina.ch\/it\/ricerca\/registro-dei-pazienti\/","og_site_name":"Retina Suisse","article_publisher":"https:\/\/www.facebook.com\/retinasuisse\/","article_modified_time":"2025-03-19T14:28:26+00:00","twitter_card":"summary_large_image","twitter_misc":{"Tempo di lettura stimato":"5 minuti"},"schema":{"@context":"https:\/\/schema.org","@graph":[{"@type":"WebPage","@id":"https:\/\/retina.ch\/it\/ricerca\/registro-dei-pazienti\/","url":"https:\/\/retina.ch\/it\/ricerca\/registro-dei-pazienti\/","name":"Registro dei pazienti &#8226; Retina Suisse","isPartOf":{"@id":"https:\/\/retina.ch\/it\/#website"},"datePublished":"2020-09-19T17:23:07+00:00","dateModified":"2025-03-19T14:28:26+00:00","description":"Il registro dei pazienti \u00e8 un database protetto di persone affette da malattie rare degli occhi. Registratevi","breadcrumb":{"@id":"https:\/\/retina.ch\/it\/ricerca\/registro-dei-pazienti\/#breadcrumb"},"inLanguage":"it-IT","potentialAction":[{"@type":"ReadAction","target":["https:\/\/retina.ch\/it\/ricerca\/registro-dei-pazienti\/"]}]},{"@type":"BreadcrumbList","@id":"https:\/\/retina.ch\/it\/ricerca\/registro-dei-pazienti\/#breadcrumb","itemListElement":[{"@type":"ListItem","position":1,"name":"Retina Suisse","item":"https:\/\/retina.ch\/it\/"},{"@type":"ListItem","position":2,"name":"Ricerca","item":"https:\/\/retina.ch\/it\/ricerca\/"},{"@type":"ListItem","position":3,"name":"Registro dei pazienti"}]},{"@type":"WebSite","@id":"https:\/\/retina.ch\/it\/#website","url":"https:\/\/retina.ch\/it\/","name":"Retina Suisse","description":"Retina Suisse ist die Vereinigung von Patientinnen und Patienten mit Retinitis pigmentosa (RP), Makuladegeneration, Usher-Syndrom und anderen Erkrankungen des Augenhintergrundes.","publisher":{"@id":"https:\/\/retina.ch\/it\/#organization"},"potentialAction":[{"@type":"SearchAction","target":{"@type":"EntryPoint","urlTemplate":"https:\/\/retina.ch\/it\/?s={search_term_string}"},"query-input":{"@type":"PropertyValueSpecification","valueRequired":true,"valueName":"search_term_string"}}],"inLanguage":"it-IT"},{"@type":"Organization","@id":"https:\/\/retina.ch\/it\/#organization","name":"Retina Suisse","url":"https:\/\/retina.ch\/it\/","logo":{"@type":"ImageObject","inLanguage":"it-IT","@id":"https:\/\/retina.ch\/it\/#\/schema\/logo\/image\/","url":"https:\/\/retina.ch\/wp-content\/uploads\/2020\/09\/retina-auge-typo.svg","contentUrl":"https:\/\/retina.ch\/wp-content\/uploads\/2020\/09\/retina-auge-typo.svg","width":"1024","height":"1024","caption":"Retina Suisse"},"image":{"@id":"https:\/\/retina.ch\/it\/#\/schema\/logo\/image\/"},"sameAs":["https:\/\/www.facebook.com\/retinasuisse\/"]}]}},"_links":{"self":[{"href":"https:\/\/retina.ch\/it\/wp-json\/wp\/v2\/pages\/2877","targetHints":{"allow":["GET"]}}],"collection":[{"href":"https:\/\/retina.ch\/it\/wp-json\/wp\/v2\/pages"}],"about":[{"href":"https:\/\/retina.ch\/it\/wp-json\/wp\/v2\/types\/page"}],"author":[{"embeddable":true,"href":"https:\/\/retina.ch\/it\/wp-json\/wp\/v2\/users\/1"}],"replies":[{"embeddable":true,"href":"https:\/\/retina.ch\/it\/wp-json\/wp\/v2\/comments?post=2877"}],"version-history":[{"count":8,"href":"https:\/\/retina.ch\/it\/wp-json\/wp\/v2\/pages\/2877\/revisions"}],"predecessor-version":[{"id":21349,"href":"https:\/\/retina.ch\/it\/wp-json\/wp\/v2\/pages\/2877\/revisions\/21349"}],"up":[{"embeddable":true,"href":"https:\/\/retina.ch\/it\/wp-json\/wp\/v2\/pages\/2869"}],"wp:attachment":[{"href":"https:\/\/retina.ch\/it\/wp-json\/wp\/v2\/media?parent=2877"}],"curies":[{"name":"wp","href":"https:\/\/api.w.org\/{rel}","templated":true}]}}